{"id":2612,"date":"2018-02-12T11:12:10","date_gmt":"2018-02-12T11:12:10","guid":{"rendered":"https:\/\/msconsultors.net\/?page_id=2612"},"modified":"2025-02-25T16:32:20","modified_gmt":"2025-02-25T16:32:20","slug":"aviso-legal-proteccion-de-datos","status":"publish","type":"page","link":"https:\/\/msconsultors.net\/es\/aviso-legal-proteccion-de-datos\/","title":{"rendered":"Aviso Legal \/ Protecci\u00f3n de datos"},"content":{"rendered":"<h4><strong>\u00bfC\u00d3MO PROTEGEMOS SUS DATOS PERSONALES?<\/strong><\/h4>\n<h5>1. Qui\u00e9n es el responsable del tratamiento de sus datos personales?<\/h5>\n<p>Responsable del tratamiento: MSconsultors Enginyeria i Seguretat des de 2001. SL<br \/>\nN.I.F n\u00ba: B65646077<br \/>\nDirecci\u00f3n postal: C\/ Zamora 46-48, 1r, 6a<br \/>\nCP: 08005 de Barcelona<br \/>\nCorreo electr\u00f3nico: <a href=\"mailto:info@msconsultors.net\">info@msconsultors.net<\/a>.<\/p>\n<h5>2. \u00bfCon qu\u00e9 finalidad continuaremos tratando sus datos personales?<\/h5>\n<p>Tratamos los datos personales de los usuarios con el fin de ofrecer planes de autoprotecci\u00f3n, proyectos contra incendios, DUPROCIM y an\u00e1lisis de riesgo. As\u00ed como, servicios de consultor\u00eda e ingenier\u00eda en materia de seguridad, y el env\u00edo de noticias de su inter\u00e9s relacionadas con nuestras actividades.<\/p>\n<h5>3. \u00bfCuanto tiempo conservaremos sus datos personales?<\/h5>\n<p>Los datos personales se conservar\u00e1n durante el plazo m\u00ednimo de seis (6) a\u00f1os en conformidad con la normativa contable vigente y, si se tercia, durante diez (10) seg\u00fan la normativa de prevenci\u00f3n de blanqueo de capitales.<\/p>\n<h5>4. \u00bfCu\u00e1l es la legitimaci\u00f3n para el tratamiento de sus datos personales?<\/h5>\n<p>La base legal para el tratamiento de sus datos es:<\/p>\n<ul>\n<li>Para el cumplimiento del contrato y\/o relaci\u00f3n mercantil y comercial.<\/li>\n<li>Para el cumplimiento de las diferentes obligaciones legales.<\/li>\n<li>Por inter\u00e9s leg\u00edtimo, por ejemplo, para mejorar nuestros productos y servicios a trav\u00e9s de estudios y an\u00e1lisis, o para gestionar sus solicitudes, consultas o posibles reclamaciones que puedan surgir.<\/li>\n<li>Con su consentimiento, por el env\u00edo de noticias de su inter\u00e9s relacionadas con nuestras actividades.<\/li>\n<\/ul>\n<h5>5. \u00bfA qu\u00e9 destinatarios se comunicar\u00e1n sus datos personales?<\/h5>\n<p>Sus datos no se comunicar\u00e1n a ninguna otra actividad profesional o entidad, excepto en casos de obligaci\u00f3n legal.<\/p>\n<h5>6. \u00bfCu\u00e1les son sus derechos en relaci\u00f3n con sus datos personales?<\/h5>\n<p>Puede acceder a sus datos personales, as\u00ed como solicitar la rectificaci\u00f3n de los datos inexactos o, si procede, solicitar la cancelaci\u00f3n o supresi\u00f3n cuando los datos ya no sean necesarias para las finalidades que fueron recogidas. Tambi\u00e9n podr\u00e1 solicitar la limitaci\u00f3n, portabilidad y oposici\u00f3n del tratamiento de sus datos, en determinadas circunstancias y por motivos relacionados con su situaci\u00f3n particular.<\/p>\n<p>Podr\u00e1 revocar el consentimiento al env\u00edo de comunicaciones comerciales y ejercer los derechos referidos anteriormente, mediante el env\u00edo de un correo electr\u00f3nico a o <a href=\"mailto:info@msconsultors.net\">info@msconsultors.net<\/a> por escrito a la direcci\u00f3n C\/ Zamora 46-48, 1r, 6a CP: 08005 de Barcelona.<\/p>\n<p>Si no obtiene una respuesta satisfactoria y desea formular una reclamaci\u00f3n u obtener m\u00e1s informaci\u00f3n al respecto de cualquier de estos derechos, puedes dirigirte a la Agencia Espa\u00f1ola de Protecci\u00f3n de Datos (www.agpd.es).<\/p>\n","protected":false},"excerpt":{"rendered":"<p>\u00bfC\u00d3MO PROTEGEMOS SUS DATOS PERSONALES? 1. Qui\u00e9n es el responsable del tratamiento de sus datos personales? Responsable del tratamiento: MSconsultors Enginyeria i Seguretat des de 2001. SL N.I.F n\u00ba: B65646077 Direcci\u00f3n postal: C\/ Zamora 46-48, 1r, 6a CP: 08005 de Barcelona Correo electr\u00f3nico: info@msconsultors.net. 2. \u00bfCon qu\u00e9 finalidad continuaremos tratando sus datos personales? Tratamos los&hellip;<\/p>\n","protected":false},"author":1,"featured_media":0,"parent":0,"menu_order":0,"comment_status":"closed","ping_status":"closed","template":"","meta":{"footnotes":""},"class_list":["post-2612","page","type-page","status-publish","hentry","description-off"],"yoast_head":"<!-- This site is optimized with the Yoast SEO plugin v27.0 - https:\/\/yoast.com\/product\/yoast-seo-wordpress\/ -->\n<title>Aviso Legal \/ Protecci\u00f3n de datos - MSconsultors<\/title>\n<meta name=\"robots\" content=\"index, follow, max-snippet:-1, max-image-preview:large, max-video-preview:-1\" \/>\n<link rel=\"canonical\" href=\"https:\/\/msconsultors.net\/es\/aviso-legal-proteccion-de-datos\/\" \/>\n<meta property=\"og:locale\" content=\"es_ES\" \/>\n<meta property=\"og:type\" content=\"article\" \/>\n<meta property=\"og:title\" content=\"Aviso Legal \/ Protecci\u00f3n de datos - MSconsultors\" \/>\n<meta property=\"og:description\" content=\"\u00bfC\u00d3MO PROTEGEMOS SUS DATOS PERSONALES? 1. Qui\u00e9n es el responsable del tratamiento de sus datos personales? Responsable del tratamiento: MSconsultors Enginyeria i Seguretat des de 2001. SL N.I.F n\u00ba: B65646077 Direcci\u00f3n postal: C\/ Zamora 46-48, 1r, 6a CP: 08005 de Barcelona Correo electr\u00f3nico: info@msconsultors.net. 2. \u00bfCon qu\u00e9 finalidad continuaremos tratando sus datos personales? Tratamos los&hellip;\" \/>\n<meta property=\"og:url\" content=\"https:\/\/msconsultors.net\/es\/aviso-legal-proteccion-de-datos\/\" \/>\n<meta property=\"og:site_name\" content=\"MSconsultors\" \/>\n<meta property=\"article:modified_time\" content=\"2025-02-25T16:32:20+00:00\" \/>\n<meta property=\"og:image\" content=\"https:\/\/msconsultors.net\/wp-content\/uploads\/2025\/02\/enginyeria-contra-incendis-msconsultors.jpg\" \/>\n\t<meta property=\"og:image:width\" content=\"1919\" \/>\n\t<meta property=\"og:image:height\" content=\"1009\" \/>\n\t<meta property=\"og:image:type\" content=\"image\/jpeg\" \/>\n<meta name=\"twitter:card\" content=\"summary_large_image\" \/>\n<meta name=\"twitter:site\" content=\"@MSconsultors\" \/>\n<meta name=\"twitter:label1\" content=\"Tiempo de lectura\" \/>\n\t<meta name=\"twitter:data1\" content=\"3 minutos\" \/>\n<script type=\"application\/ld+json\" class=\"yoast-schema-graph\">{\"@context\":\"https:\/\/schema.org\",\"@graph\":[{\"@type\":\"WebPage\",\"@id\":\"https:\/\/msconsultors.net\/es\/aviso-legal-proteccion-de-datos\/\",\"url\":\"https:\/\/msconsultors.net\/es\/aviso-legal-proteccion-de-datos\/\",\"name\":\"Aviso Legal \/ Protecci\u00f3n de datos - MSconsultors\",\"isPartOf\":{\"@id\":\"https:\/\/msconsultors.net\/es\/#website\"},\"datePublished\":\"2018-02-12T11:12:10+00:00\",\"dateModified\":\"2025-02-25T16:32:20+00:00\",\"breadcrumb\":{\"@id\":\"https:\/\/msconsultors.net\/es\/aviso-legal-proteccion-de-datos\/#breadcrumb\"},\"inLanguage\":\"es\",\"potentialAction\":[{\"@type\":\"ReadAction\",\"target\":[\"https:\/\/msconsultors.net\/es\/aviso-legal-proteccion-de-datos\/\"]}]},{\"@type\":\"BreadcrumbList\",\"@id\":\"https:\/\/msconsultors.net\/es\/aviso-legal-proteccion-de-datos\/#breadcrumb\",\"itemListElement\":[{\"@type\":\"ListItem\",\"position\":1,\"name\":\"Home\",\"item\":\"https:\/\/msconsultors.net\/es\/\"},{\"@type\":\"ListItem\",\"position\":2,\"name\":\"Aviso Legal \/ Protecci\u00f3n de datos\"}]},{\"@type\":\"WebSite\",\"@id\":\"https:\/\/msconsultors.net\/es\/#website\",\"url\":\"https:\/\/msconsultors.net\/es\/\",\"name\":\"MSconsultors\",\"description\":\"Experts en Protecci\u00f3 Civil, Emerg\u00e8ncies i Seguretat\",\"publisher\":{\"@id\":\"https:\/\/msconsultors.net\/es\/#organization\"},\"potentialAction\":[{\"@type\":\"SearchAction\",\"target\":{\"@type\":\"EntryPoint\",\"urlTemplate\":\"https:\/\/msconsultors.net\/es\/?s={search_term_string}\"},\"query-input\":{\"@type\":\"PropertyValueSpecification\",\"valueRequired\":true,\"valueName\":\"search_term_string\"}}],\"inLanguage\":\"es\"},{\"@type\":\"Organization\",\"@id\":\"https:\/\/msconsultors.net\/es\/#organization\",\"name\":\"MSconsultors\",\"url\":\"https:\/\/msconsultors.net\/es\/\",\"logo\":{\"@type\":\"ImageObject\",\"inLanguage\":\"es\",\"@id\":\"https:\/\/msconsultors.net\/es\/#\/schema\/logo\/image\/\",\"url\":\"https:\/\/msconsultors.net\/wp-content\/uploads\/2017\/01\/logoNegreRetina.png\",\"contentUrl\":\"https:\/\/msconsultors.net\/wp-content\/uploads\/2017\/01\/logoNegreRetina.png\",\"width\":904,\"height\":350,\"caption\":\"MSconsultors\"},\"image\":{\"@id\":\"https:\/\/msconsultors.net\/es\/#\/schema\/logo\/image\/\"},\"sameAs\":[\"https:\/\/x.com\/MSconsultors\",\"https:\/\/www.linkedin.com\/company\/2232548\/\"]}]}<\/script>\n<!-- \/ Yoast SEO plugin. -->","yoast_head_json":{"title":"Aviso Legal \/ Protecci\u00f3n de datos - MSconsultors","robots":{"index":"index","follow":"follow","max-snippet":"max-snippet:-1","max-image-preview":"max-image-preview:large","max-video-preview":"max-video-preview:-1"},"canonical":"https:\/\/msconsultors.net\/es\/aviso-legal-proteccion-de-datos\/","og_locale":"es_ES","og_type":"article","og_title":"Aviso Legal \/ Protecci\u00f3n de datos - MSconsultors","og_description":"\u00bfC\u00d3MO PROTEGEMOS SUS DATOS PERSONALES? 1. Qui\u00e9n es el responsable del tratamiento de sus datos personales? Responsable del tratamiento: MSconsultors Enginyeria i Seguretat des de 2001. SL N.I.F n\u00ba: B65646077 Direcci\u00f3n postal: C\/ Zamora 46-48, 1r, 6a CP: 08005 de Barcelona Correo electr\u00f3nico: info@msconsultors.net. 2. \u00bfCon qu\u00e9 finalidad continuaremos tratando sus datos personales? Tratamos los&hellip;","og_url":"https:\/\/msconsultors.net\/es\/aviso-legal-proteccion-de-datos\/","og_site_name":"MSconsultors","article_modified_time":"2025-02-25T16:32:20+00:00","og_image":[{"width":1919,"height":1009,"url":"https:\/\/msconsultors.net\/wp-content\/uploads\/2025\/02\/enginyeria-contra-incendis-msconsultors.jpg","type":"image\/jpeg"}],"twitter_card":"summary_large_image","twitter_site":"@MSconsultors","twitter_misc":{"Tiempo de lectura":"3 minutos"},"schema":{"@context":"https:\/\/schema.org","@graph":[{"@type":"WebPage","@id":"https:\/\/msconsultors.net\/es\/aviso-legal-proteccion-de-datos\/","url":"https:\/\/msconsultors.net\/es\/aviso-legal-proteccion-de-datos\/","name":"Aviso Legal \/ Protecci\u00f3n de datos - MSconsultors","isPartOf":{"@id":"https:\/\/msconsultors.net\/es\/#website"},"datePublished":"2018-02-12T11:12:10+00:00","dateModified":"2025-02-25T16:32:20+00:00","breadcrumb":{"@id":"https:\/\/msconsultors.net\/es\/aviso-legal-proteccion-de-datos\/#breadcrumb"},"inLanguage":"es","potentialAction":[{"@type":"ReadAction","target":["https:\/\/msconsultors.net\/es\/aviso-legal-proteccion-de-datos\/"]}]},{"@type":"BreadcrumbList","@id":"https:\/\/msconsultors.net\/es\/aviso-legal-proteccion-de-datos\/#breadcrumb","itemListElement":[{"@type":"ListItem","position":1,"name":"Home","item":"https:\/\/msconsultors.net\/es\/"},{"@type":"ListItem","position":2,"name":"Aviso Legal \/ Protecci\u00f3n de datos"}]},{"@type":"WebSite","@id":"https:\/\/msconsultors.net\/es\/#website","url":"https:\/\/msconsultors.net\/es\/","name":"MSconsultors","description":"Experts en Protecci\u00f3 Civil, Emerg\u00e8ncies i Seguretat","publisher":{"@id":"https:\/\/msconsultors.net\/es\/#organization"},"potentialAction":[{"@type":"SearchAction","target":{"@type":"EntryPoint","urlTemplate":"https:\/\/msconsultors.net\/es\/?s={search_term_string}"},"query-input":{"@type":"PropertyValueSpecification","valueRequired":true,"valueName":"search_term_string"}}],"inLanguage":"es"},{"@type":"Organization","@id":"https:\/\/msconsultors.net\/es\/#organization","name":"MSconsultors","url":"https:\/\/msconsultors.net\/es\/","logo":{"@type":"ImageObject","inLanguage":"es","@id":"https:\/\/msconsultors.net\/es\/#\/schema\/logo\/image\/","url":"https:\/\/msconsultors.net\/wp-content\/uploads\/2017\/01\/logoNegreRetina.png","contentUrl":"https:\/\/msconsultors.net\/wp-content\/uploads\/2017\/01\/logoNegreRetina.png","width":904,"height":350,"caption":"MSconsultors"},"image":{"@id":"https:\/\/msconsultors.net\/es\/#\/schema\/logo\/image\/"},"sameAs":["https:\/\/x.com\/MSconsultors","https:\/\/www.linkedin.com\/company\/2232548\/"]}]}},"_links":{"self":[{"href":"https:\/\/msconsultors.net\/es\/wp-json\/wp\/v2\/pages\/2612","targetHints":{"allow":["GET"]}}],"collection":[{"href":"https:\/\/msconsultors.net\/es\/wp-json\/wp\/v2\/pages"}],"about":[{"href":"https:\/\/msconsultors.net\/es\/wp-json\/wp\/v2\/types\/page"}],"author":[{"embeddable":true,"href":"https:\/\/msconsultors.net\/es\/wp-json\/wp\/v2\/users\/1"}],"replies":[{"embeddable":true,"href":"https:\/\/msconsultors.net\/es\/wp-json\/wp\/v2\/comments?post=2612"}],"version-history":[{"count":3,"href":"https:\/\/msconsultors.net\/es\/wp-json\/wp\/v2\/pages\/2612\/revisions"}],"predecessor-version":[{"id":56114,"href":"https:\/\/msconsultors.net\/es\/wp-json\/wp\/v2\/pages\/2612\/revisions\/56114"}],"wp:attachment":[{"href":"https:\/\/msconsultors.net\/es\/wp-json\/wp\/v2\/media?parent=2612"}],"curies":[{"name":"wp","href":"https:\/\/api.w.org\/{rel}","templated":true}]}}