{"id":56108,"date":"2020-12-24T09:13:23","date_gmt":"2020-12-24T09:13:23","guid":{"rendered":"https:\/\/msconsultors.net\/politica-de-cookies\/"},"modified":"2025-03-20T12:48:15","modified_gmt":"2025-03-20T12:48:15","slug":"politica-de-cookies","status":"publish","type":"page","link":"https:\/\/msconsultors.net\/es\/politica-de-cookies\/","title":{"rendered":"Pol\u00edtica de Cookies"},"content":{"rendered":"<p>En esta web recopilamos y utilizamos la informaci\u00f3n seg\u00fan indicamos en nuestra <a href=\"https:\/\/msconsultors.net\/es\/aviso-legal-proteccion-de-datos\/\" target=\"_blank\" rel=\"noopener\">pol\u00edtica de protecci\u00f3n de datos<\/a>. Una de las formas en las que recogemos informaci\u00f3n es a trav\u00e9s del uso de la tecnolog\u00eda llamada \u00abcookies\u00bb. En https:\/\/wwww.msconsultors.net utilizamos cookies para diversas fuciones.<\/p>\n<h3>\u00bfQu\u00e9 es una cookie?<\/h3>\n<p>Una \u00abcookie\u00bb es una peque\u00f1a cantidad de texto que se almacena en el navegador (como Chrome de Google o Safari de Apple) cuando navegas por la mayor\u00eda de los sitios web.<\/p>\n<h3>\u00bfQu\u00e9 NO es una cookie?<\/h3>\n<p>No es un virus, ni un troyano, ni un gusano, ni spam, ni spyware, ni abre ventanas pop-up.<\/p>\n<h3>\u00bfQu\u00e9 informaci\u00f3n almacena una cookie?<\/h3>\n<p>Las cookies no suelen almacenar informaci\u00f3n sensible sobre usted, como tarjetas de cr\u00e9dito o datos bancarios, fotograf\u00edas o informaci\u00f3n personal, etc. Los datos que guardan son de car\u00e1cter t\u00e9cnico, estad\u00edsticas, preferencias personales, personalizaci\u00f3n de contenidos, etc.<br \/>\nEl servidor web no le asocia a usted como persona sino a su navegador web. De hecho, si usted navega habitualmente con el navegador Chrome y prueba a navegar por la misma web con el navegador Firefox, ver\u00e1 que la web no se da cuenta de que es usted la misma persona porque en realidad est\u00e1 asociando la informaci\u00f3n al navegador, no a la persona.<\/p>\n<h3>\u00bfQu\u00e9 tipos de cookies hay?<\/h3>\n<p><b>Cookies t\u00e9cnicas<\/b>: Son las m\u00e1s elementales y permiten, entre otras cosas, saber cu\u00e1ndo est\u00e1 navegando un humano o una aplicaci\u00f3n automatizada, cu\u00e1ndo navega un usuario an\u00f3nimo y un registrado, tareas b\u00e1sicas para el funcionamiento de cualquier web din\u00e1mica.<br \/>\n<b>Cookies de an\u00e1lisis<\/b>: Recogen informaci\u00f3n sobre el tipo de navegaci\u00f3n que est\u00e1 realizando, las secciones que m\u00e1s utiliza, productos consultados, franja horaria de uso, idioma, etc.<br \/>\n<b>Cookies publicitarias<\/b>: Muestran publicidad en funci\u00f3n de su navegaci\u00f3n, su pa\u00eds de procedencia, idioma, etc.<\/p>\n<h3>Cookies aceptadas por la normativa y cookies exceptuadas<\/h3>\n<p>Seg\u00fan la directiva de la UE, las cookies que requieren el consentimiento informado por parte del usuario son las cookies de anal\u00edtica y las de publicidad y afiliaci\u00f3n, quedando exceptuadas las de car\u00e1cter t\u00e9cnico y necesarias para el funcionamiento de la p\u00e1gina web o la prestaci\u00f3n de servicios expresamente solicitados por el usuario.<\/p>\n<h3>\u00bfQu\u00e9 cookies utiliza esta web?<\/h3>\n<p>Esta web utiliza cookies propias y de terceros. En este sitio web se utilizan las siguientes cookies que se detallan a continuaci\u00f3n:<\/p>\n<div class=\"cky-audit-table-elemento\"><\/div>\n<p>&nbsp;<\/p>\n<h3>\u00bfSe pueden eliminar las cookies?<\/h3>\n<p>S\u00ed. Y no s\u00f3lo eliminar, tambi\u00e9n bloquear, de forma general o particular para un dominio espec\u00edfico.<br \/>\nPara eliminar las cookies de un sitio web debe ir a la configuraci\u00f3n de su navegador y all\u00ed podr\u00e1 buscar las asociadas al dominio en cuesti\u00f3n y proceder a su eliminaci\u00f3n.<\/p>\n<ul>\n<li>Configuraci\u00f3n de cookies para <a href=\"https:\/\/support.google.com\/chrome\/answer\/95647?hl=es\" target=\"_blank\" rel=\"noopener noreferrer\">Chrome<\/a><\/li>\n<li>Configuraci\u00f3n de cookies para <a href=\"https:\/\/support.mozilla.org\/es\/kb\/cookies-informacion-que-los-sitios-web-guardan-en-#w_configurar-las-cookies\" target=\"_blank\" rel=\"noopener noreferrer\">Firefox<\/a><\/li>\n<li>Configuraci\u00f3n de cookies para <a href=\"https:\/\/support.microsoft.com\/es-es\/windows\/administrar-cookies-en-microsoft-edge-ver-permitir-bloquear-eliminar-y-usar-168dab11-0753-043d-7c16-ede5947fc64d\" target=\"_blank\" rel=\"noopener noreferrer\">Microsoft Edge<\/a><\/li>\n<li>Configuraci\u00f3n de cookies para <a href=\"https:\/\/support.apple.com\/kb\/PH21411?locale=es_ES&amp;viewlocale=es_ES\" target=\"_blank\" rel=\"noopener noreferrer\">Safari<\/a><\/li>\n<\/ul>\n<h3>Aceptaci\u00f3n de cookies<\/h3>\n<p>Requerimos tu consentimiento expreso para la instalaci\u00f3n de cookies previamente informadas.<br \/>\nAl acceder a este sitio web o aplicaci\u00f3n por primera vez, ver\u00e1 una advertencia donde se le informa de la utilizaci\u00f3n de las cookies y donde puede consultar esta pol\u00edtica de cookies. Si el usuario consiente la utilizaci\u00f3n de cookies se entender\u00e1 que ha le\u00eddo nuestra pol\u00edtica de cookies y, por tanto, acepta la instalaci\u00f3n de las mismas en su equipo o dispositivo.<br \/>\nAdem\u00e1s del uso de nuestras cookies propias, permitimos a terceros establecer cookies y acceder a ellas en su ordenador. El consentimiento del uso de las cookies de estas empresas est\u00e1 ligado a la navegaci\u00f3n por este sitio web.<\/p>\n<h3>Gestiona las preferencias de cookies<\/h3>\n<h3><a class=\"cky-banner-element\">Configuraci\u00f3n de cookies<\/a><\/h3>\n<p>Puede cambiar sus preferencias de cookies en cualquier momento haciendo clic en el enlace de arriba. Esto le permitir\u00e1 volver a visitar el banner de consentimiento de cookies y cambiar sus preferencias o retirar su consentimiento de inmediato.<\/p>\n<h3>M\u00e1s informaci\u00f3n sobre las cookies<\/h3>\n<p>Puedes consultar el reglamento sobre cookies publicado por la Agencia Espa\u00f1ola de Protecci\u00f3n de Datos en su \u00abGu\u00eda sobre el uso de las cookies\u00bb y obtener m\u00e1s informaci\u00f3n sobre las cookies en Internet, <a href=\"http:\/\/www.aboutcookies.org\/\">http:\/\/www.aboutcookies.org\/<\/a><br \/>\nSi desea tener un mayor control sobre la instalaci\u00f3n de cookies, puede instalar programas o complementos en su navegador, conocidos como herramientas de \u00abDo Not Track\u00bb, que le permitir\u00e1n escoger aquellas cookies que desea permitir.<\/p>\n","protected":false},"excerpt":{"rendered":"<p>En esta web recopilamos y utilizamos la informaci\u00f3n seg\u00fan indicamos en nuestra pol\u00edtica de protecci\u00f3n de datos. Una de las formas en las que recogemos informaci\u00f3n es a trav\u00e9s del uso de la tecnolog\u00eda llamada \u00abcookies\u00bb. En https:\/\/wwww.msconsultors.net utilizamos cookies para diversas fuciones. \u00bfQu\u00e9 es una cookie? Una \u00abcookie\u00bb es una peque\u00f1a cantidad de texto&hellip;<\/p>\n","protected":false},"author":1,"featured_media":0,"parent":0,"menu_order":0,"comment_status":"closed","ping_status":"closed","template":"","meta":{"footnotes":""},"class_list":["post-56108","page","type-page","status-publish","hentry","description-off"],"yoast_head":"<!-- This site is optimized with the Yoast SEO plugin v27.0 - https:\/\/yoast.com\/product\/yoast-seo-wordpress\/ -->\n<title>Pol\u00edtica de Cookies - MSconsultors<\/title>\n<meta name=\"robots\" content=\"index, follow, max-snippet:-1, max-image-preview:large, max-video-preview:-1\" \/>\n<link rel=\"canonical\" href=\"https:\/\/msconsultors.net\/es\/politica-de-cookies\/\" \/>\n<meta property=\"og:locale\" content=\"es_ES\" \/>\n<meta property=\"og:type\" content=\"article\" \/>\n<meta property=\"og:title\" content=\"Pol\u00edtica de Cookies - MSconsultors\" \/>\n<meta property=\"og:description\" content=\"En esta web recopilamos y utilizamos la informaci\u00f3n seg\u00fan indicamos en nuestra pol\u00edtica de protecci\u00f3n de datos. Una de las formas en las que recogemos informaci\u00f3n es a trav\u00e9s del uso de la tecnolog\u00eda llamada \u00abcookies\u00bb. En https:\/\/wwww.msconsultors.net utilizamos cookies para diversas fuciones. \u00bfQu\u00e9 es una cookie? Una \u00abcookie\u00bb es una peque\u00f1a cantidad de texto&hellip;\" \/>\n<meta property=\"og:url\" content=\"https:\/\/msconsultors.net\/es\/politica-de-cookies\/\" \/>\n<meta property=\"og:site_name\" content=\"MSconsultors\" \/>\n<meta property=\"article:modified_time\" content=\"2025-03-20T12:48:15+00:00\" \/>\n<meta property=\"og:image\" content=\"https:\/\/msconsultors.net\/wp-content\/uploads\/2025\/02\/enginyeria-contra-incendis-msconsultors.jpg\" \/>\n\t<meta property=\"og:image:width\" content=\"1919\" \/>\n\t<meta property=\"og:image:height\" content=\"1009\" \/>\n\t<meta property=\"og:image:type\" content=\"image\/jpeg\" \/>\n<meta name=\"twitter:card\" content=\"summary_large_image\" \/>\n<meta name=\"twitter:site\" content=\"@MSconsultors\" \/>\n<meta name=\"twitter:label1\" content=\"Tiempo de lectura\" \/>\n\t<meta name=\"twitter:data1\" content=\"4 minutos\" \/>\n<script type=\"application\/ld+json\" class=\"yoast-schema-graph\">{\"@context\":\"https:\/\/schema.org\",\"@graph\":[{\"@type\":\"WebPage\",\"@id\":\"https:\/\/msconsultors.net\/es\/politica-de-cookies\/\",\"url\":\"https:\/\/msconsultors.net\/es\/politica-de-cookies\/\",\"name\":\"Pol\u00edtica de Cookies - MSconsultors\",\"isPartOf\":{\"@id\":\"https:\/\/msconsultors.net\/es\/#website\"},\"datePublished\":\"2020-12-24T09:13:23+00:00\",\"dateModified\":\"2025-03-20T12:48:15+00:00\",\"breadcrumb\":{\"@id\":\"https:\/\/msconsultors.net\/es\/politica-de-cookies\/#breadcrumb\"},\"inLanguage\":\"es\",\"potentialAction\":[{\"@type\":\"ReadAction\",\"target\":[\"https:\/\/msconsultors.net\/es\/politica-de-cookies\/\"]}]},{\"@type\":\"BreadcrumbList\",\"@id\":\"https:\/\/msconsultors.net\/es\/politica-de-cookies\/#breadcrumb\",\"itemListElement\":[{\"@type\":\"ListItem\",\"position\":1,\"name\":\"Home\",\"item\":\"https:\/\/msconsultors.net\/es\/\"},{\"@type\":\"ListItem\",\"position\":2,\"name\":\"Pol\u00edtica de Cookies\"}]},{\"@type\":\"WebSite\",\"@id\":\"https:\/\/msconsultors.net\/es\/#website\",\"url\":\"https:\/\/msconsultors.net\/es\/\",\"name\":\"MSconsultors\",\"description\":\"Experts en Protecci\u00f3 Civil, Emerg\u00e8ncies i Seguretat\",\"publisher\":{\"@id\":\"https:\/\/msconsultors.net\/es\/#organization\"},\"potentialAction\":[{\"@type\":\"SearchAction\",\"target\":{\"@type\":\"EntryPoint\",\"urlTemplate\":\"https:\/\/msconsultors.net\/es\/?s={search_term_string}\"},\"query-input\":{\"@type\":\"PropertyValueSpecification\",\"valueRequired\":true,\"valueName\":\"search_term_string\"}}],\"inLanguage\":\"es\"},{\"@type\":\"Organization\",\"@id\":\"https:\/\/msconsultors.net\/es\/#organization\",\"name\":\"MSconsultors\",\"url\":\"https:\/\/msconsultors.net\/es\/\",\"logo\":{\"@type\":\"ImageObject\",\"inLanguage\":\"es\",\"@id\":\"https:\/\/msconsultors.net\/es\/#\/schema\/logo\/image\/\",\"url\":\"https:\/\/msconsultors.net\/wp-content\/uploads\/2017\/01\/logoNegreRetina.png\",\"contentUrl\":\"https:\/\/msconsultors.net\/wp-content\/uploads\/2017\/01\/logoNegreRetina.png\",\"width\":904,\"height\":350,\"caption\":\"MSconsultors\"},\"image\":{\"@id\":\"https:\/\/msconsultors.net\/es\/#\/schema\/logo\/image\/\"},\"sameAs\":[\"https:\/\/x.com\/MSconsultors\",\"https:\/\/www.linkedin.com\/company\/2232548\/\"]}]}<\/script>\n<!-- \/ Yoast SEO plugin. -->","yoast_head_json":{"title":"Pol\u00edtica de Cookies - MSconsultors","robots":{"index":"index","follow":"follow","max-snippet":"max-snippet:-1","max-image-preview":"max-image-preview:large","max-video-preview":"max-video-preview:-1"},"canonical":"https:\/\/msconsultors.net\/es\/politica-de-cookies\/","og_locale":"es_ES","og_type":"article","og_title":"Pol\u00edtica de Cookies - MSconsultors","og_description":"En esta web recopilamos y utilizamos la informaci\u00f3n seg\u00fan indicamos en nuestra pol\u00edtica de protecci\u00f3n de datos. Una de las formas en las que recogemos informaci\u00f3n es a trav\u00e9s del uso de la tecnolog\u00eda llamada \u00abcookies\u00bb. En https:\/\/wwww.msconsultors.net utilizamos cookies para diversas fuciones. \u00bfQu\u00e9 es una cookie? Una \u00abcookie\u00bb es una peque\u00f1a cantidad de texto&hellip;","og_url":"https:\/\/msconsultors.net\/es\/politica-de-cookies\/","og_site_name":"MSconsultors","article_modified_time":"2025-03-20T12:48:15+00:00","og_image":[{"width":1919,"height":1009,"url":"https:\/\/msconsultors.net\/wp-content\/uploads\/2025\/02\/enginyeria-contra-incendis-msconsultors.jpg","type":"image\/jpeg"}],"twitter_card":"summary_large_image","twitter_site":"@MSconsultors","twitter_misc":{"Tiempo de lectura":"4 minutos"},"schema":{"@context":"https:\/\/schema.org","@graph":[{"@type":"WebPage","@id":"https:\/\/msconsultors.net\/es\/politica-de-cookies\/","url":"https:\/\/msconsultors.net\/es\/politica-de-cookies\/","name":"Pol\u00edtica de Cookies - MSconsultors","isPartOf":{"@id":"https:\/\/msconsultors.net\/es\/#website"},"datePublished":"2020-12-24T09:13:23+00:00","dateModified":"2025-03-20T12:48:15+00:00","breadcrumb":{"@id":"https:\/\/msconsultors.net\/es\/politica-de-cookies\/#breadcrumb"},"inLanguage":"es","potentialAction":[{"@type":"ReadAction","target":["https:\/\/msconsultors.net\/es\/politica-de-cookies\/"]}]},{"@type":"BreadcrumbList","@id":"https:\/\/msconsultors.net\/es\/politica-de-cookies\/#breadcrumb","itemListElement":[{"@type":"ListItem","position":1,"name":"Home","item":"https:\/\/msconsultors.net\/es\/"},{"@type":"ListItem","position":2,"name":"Pol\u00edtica de Cookies"}]},{"@type":"WebSite","@id":"https:\/\/msconsultors.net\/es\/#website","url":"https:\/\/msconsultors.net\/es\/","name":"MSconsultors","description":"Experts en Protecci\u00f3 Civil, Emerg\u00e8ncies i Seguretat","publisher":{"@id":"https:\/\/msconsultors.net\/es\/#organization"},"potentialAction":[{"@type":"SearchAction","target":{"@type":"EntryPoint","urlTemplate":"https:\/\/msconsultors.net\/es\/?s={search_term_string}"},"query-input":{"@type":"PropertyValueSpecification","valueRequired":true,"valueName":"search_term_string"}}],"inLanguage":"es"},{"@type":"Organization","@id":"https:\/\/msconsultors.net\/es\/#organization","name":"MSconsultors","url":"https:\/\/msconsultors.net\/es\/","logo":{"@type":"ImageObject","inLanguage":"es","@id":"https:\/\/msconsultors.net\/es\/#\/schema\/logo\/image\/","url":"https:\/\/msconsultors.net\/wp-content\/uploads\/2017\/01\/logoNegreRetina.png","contentUrl":"https:\/\/msconsultors.net\/wp-content\/uploads\/2017\/01\/logoNegreRetina.png","width":904,"height":350,"caption":"MSconsultors"},"image":{"@id":"https:\/\/msconsultors.net\/es\/#\/schema\/logo\/image\/"},"sameAs":["https:\/\/x.com\/MSconsultors","https:\/\/www.linkedin.com\/company\/2232548\/"]}]}},"_links":{"self":[{"href":"https:\/\/msconsultors.net\/es\/wp-json\/wp\/v2\/pages\/56108","targetHints":{"allow":["GET"]}}],"collection":[{"href":"https:\/\/msconsultors.net\/es\/wp-json\/wp\/v2\/pages"}],"about":[{"href":"https:\/\/msconsultors.net\/es\/wp-json\/wp\/v2\/types\/page"}],"author":[{"embeddable":true,"href":"https:\/\/msconsultors.net\/es\/wp-json\/wp\/v2\/users\/1"}],"replies":[{"embeddable":true,"href":"https:\/\/msconsultors.net\/es\/wp-json\/wp\/v2\/comments?post=56108"}],"version-history":[{"count":4,"href":"https:\/\/msconsultors.net\/es\/wp-json\/wp\/v2\/pages\/56108\/revisions"}],"predecessor-version":[{"id":56230,"href":"https:\/\/msconsultors.net\/es\/wp-json\/wp\/v2\/pages\/56108\/revisions\/56230"}],"wp:attachment":[{"href":"https:\/\/msconsultors.net\/es\/wp-json\/wp\/v2\/media?parent=56108"}],"curies":[{"name":"wp","href":"https:\/\/api.w.org\/{rel}","templated":true}]}}