{"id":56109,"date":"2025-02-04T11:42:11","date_gmt":"2025-02-04T11:42:11","guid":{"rendered":"https:\/\/msconsultors.net\/accessibilitat\/"},"modified":"2025-03-03T10:20:33","modified_gmt":"2025-03-03T10:20:33","slug":"accesibilidad","status":"publish","type":"page","link":"https:\/\/msconsultors.net\/es\/accesibilidad\/","title":{"rendered":"Accesibilidad"},"content":{"rendered":"<div class=\"fy-canvas\">\n<div class=\"fy-wrap\">\n<div class=\"fy-wrap-centerer fy-centerer\">\n<div class=\"fy-flex-container fy-flex-gutter-large\">\n<p><strong>MSconsultors<\/strong> se ha comprometido a hacer accesible su sitio web de conformidad con la Normativa Europea EN 301 549 V3.2.1 (2021-03), sobre Requisitos de accesibilidad para productos y servicios TIC.<\/p>\n<p>Esta declaraci\u00f3n de accesibilidad se aplica al sitio web\u00a0<a href=\"https:\/\/www.msconsultors.net\">https:\/\/www.msconsultors.net<\/a> (los subdominios de este sitio web tendr\u00e1n sus propias declaraciones de accesibilidad).<\/p>\n<div class=\"fy-page-content fy-main-content fy-content js-images\">\n<p><strong>Situaci\u00f3n de cumplimiento<\/strong><\/p>\n<p>Este sitio web es <strong>parcialmente conforme<\/strong> con la Normativa Europea EN 301 549 V3.2.1 (2021-03)<\/p>\n<p><strong>Preparaci\u00f3n de la presente declaraci\u00f3n de accesibilidad<\/strong><\/p>\n<p>La presente declaraci\u00f3n fue redactada el 05 de marzo de 2025.<\/p>\n<p>El m\u00e9todo utilizado para preparar la declaraci\u00f3n ha sido una autoevaluaci\u00f3n llevada a cabo por la propia empresa de desarrollo web (agente digitalizador).<\/p>\n<p>Observaciones y datos de contacto<\/p>\n<p>Puede realizar comunicaciones sobre requisitos de accesibilidad, tales como:<\/p>\n<ul>\n<li>Informar sobre cualquier posible incumplimiento por este sitio web.<\/li>\n<li>Transmitir otras dificultades de acceso al contenido.<\/li>\n<li>Formular cualquier otra consulta o sugerencia de mejora relativa a la accesibilidad del sitio web.<\/li>\n<\/ul>\n<p>A trav\u00e9s del correo electr\u00f3nico <a href=\"mailto:info@msconsultors.net\">info@msconsultors.net<\/a>.<\/p>\n<p>Tambi\u00e9n puede solicitar en formato accesible informaci\u00f3n que no cumpla con los requisitos de accesibilidad bien por estar excluida, bien por estar exenta por carga desproporcionada; o formular una queja por incumplimiento de los requisitos de accesibilidad.<\/p>\n<p><strong>Contenido opcional<\/strong><\/p>\n<p>La versi\u00f3n actualmente visible de este sitio web es de marzo de 2025 y en esa fecha se hizo la revisi\u00f3n del nivel de accesibilidad vigente en ese momento.<\/p>\n<p>A partir de la citada fecha se llevan a cabo revisiones parciales del contenido web nuevo o modificado, tanto de las plantillas como de las p\u00e1ginas y documentos finales publicados, a fin de asegurar el cumplimiento de los requerimientos de accesibilidad de la Norma EN 301 549 V3. 2.1 (2021-03).<\/p>\n<p>Entre otras, se adoptan las siguientes medidas para facilitar la accesibilidad:<\/p>\n<ul>\n<li>Utilizaci\u00f3n de texto alternativo en las im\u00e1genes, excepto en las im\u00e1genes meramente decorativas<\/li>\n<li>Uso de los est\u00e1ndares del W3C: XHTML 1.0, CSS 3.0,\u00a0WAI\u00a0AA.<\/li>\n<\/ul>\n<p>El sitio web est\u00e1 optimizado para las \u00faltimas versiones vigentes de los navegadores Edge, FireFox, Safari, Opera y Google Chrome. La resoluci\u00f3n m\u00ednima recomendada es de 1280\u00d71024.<\/p>\n<p>El sitio web est\u00e1 dise\u00f1ado para su visualizaci\u00f3n Responsive (adaptable), por lo que se visualiza de forma \u00f3ptima en los dispositivos m\u00f3viles (tableta y smartphones). En estos dispositivos est\u00e1 optimizado para visualizarlo en las \u00faltimas versiones vigentes de Chrome for Mobile, Firefox for Mobile, Safari Mobile, Opera Mini y navegador nativo de Android.<\/p>\n<\/div>\n<p>&nbsp;<\/p>\n<\/div>\n<\/div>\n<\/div>\n<\/div>\n","protected":false},"excerpt":{"rendered":"<p>MSconsultors se ha comprometido a hacer accesible su sitio web de conformidad con la Normativa Europea EN 301 549 V3.2.1 (2021-03), sobre Requisitos de accesibilidad para productos y servicios TIC. Esta declaraci\u00f3n de accesibilidad se aplica al sitio web\u00a0https:\/\/www.msconsultors.net (los subdominios de este sitio web tendr\u00e1n sus propias declaraciones de accesibilidad). Situaci\u00f3n de cumplimiento Este&hellip;<\/p>\n","protected":false},"author":1,"featured_media":0,"parent":0,"menu_order":0,"comment_status":"closed","ping_status":"closed","template":"","meta":{"footnotes":""},"class_list":["post-56109","page","type-page","status-publish","hentry","description-off"],"yoast_head":"<!-- This site is optimized with the Yoast SEO plugin v27.0 - https:\/\/yoast.com\/product\/yoast-seo-wordpress\/ -->\n<title>Accesibilidad - MSconsultors<\/title>\n<meta name=\"robots\" content=\"index, follow, max-snippet:-1, max-image-preview:large, max-video-preview:-1\" \/>\n<link rel=\"canonical\" href=\"https:\/\/msconsultors.net\/es\/accesibilidad\/\" \/>\n<meta property=\"og:locale\" content=\"es_ES\" \/>\n<meta property=\"og:type\" content=\"article\" \/>\n<meta property=\"og:title\" content=\"Accesibilidad - MSconsultors\" \/>\n<meta property=\"og:description\" content=\"MSconsultors se ha comprometido a hacer accesible su sitio web de conformidad con la Normativa Europea EN 301 549 V3.2.1 (2021-03), sobre Requisitos de accesibilidad para productos y servicios TIC. Esta declaraci\u00f3n de accesibilidad se aplica al sitio web\u00a0https:\/\/www.msconsultors.net (los subdominios de este sitio web tendr\u00e1n sus propias declaraciones de accesibilidad). Situaci\u00f3n de cumplimiento Este&hellip;\" \/>\n<meta property=\"og:url\" content=\"https:\/\/msconsultors.net\/es\/accesibilidad\/\" \/>\n<meta property=\"og:site_name\" content=\"MSconsultors\" \/>\n<meta property=\"article:modified_time\" content=\"2025-03-03T10:20:33+00:00\" \/>\n<meta property=\"og:image\" content=\"https:\/\/msconsultors.net\/wp-content\/uploads\/2025\/02\/enginyeria-contra-incendis-msconsultors.jpg\" \/>\n\t<meta property=\"og:image:width\" content=\"1919\" \/>\n\t<meta property=\"og:image:height\" content=\"1009\" \/>\n\t<meta property=\"og:image:type\" content=\"image\/jpeg\" \/>\n<meta name=\"twitter:card\" content=\"summary_large_image\" \/>\n<meta name=\"twitter:site\" content=\"@MSconsultors\" \/>\n<meta name=\"twitter:label1\" content=\"Tiempo de lectura\" \/>\n\t<meta name=\"twitter:data1\" content=\"2 minutos\" \/>\n<script type=\"application\/ld+json\" class=\"yoast-schema-graph\">{\"@context\":\"https:\/\/schema.org\",\"@graph\":[{\"@type\":\"WebPage\",\"@id\":\"https:\/\/msconsultors.net\/es\/accesibilidad\/\",\"url\":\"https:\/\/msconsultors.net\/es\/accesibilidad\/\",\"name\":\"Accesibilidad - MSconsultors\",\"isPartOf\":{\"@id\":\"https:\/\/msconsultors.net\/es\/#website\"},\"datePublished\":\"2025-02-04T11:42:11+00:00\",\"dateModified\":\"2025-03-03T10:20:33+00:00\",\"breadcrumb\":{\"@id\":\"https:\/\/msconsultors.net\/es\/accesibilidad\/#breadcrumb\"},\"inLanguage\":\"es\",\"potentialAction\":[{\"@type\":\"ReadAction\",\"target\":[\"https:\/\/msconsultors.net\/es\/accesibilidad\/\"]}]},{\"@type\":\"BreadcrumbList\",\"@id\":\"https:\/\/msconsultors.net\/es\/accesibilidad\/#breadcrumb\",\"itemListElement\":[{\"@type\":\"ListItem\",\"position\":1,\"name\":\"Home\",\"item\":\"https:\/\/msconsultors.net\/es\/\"},{\"@type\":\"ListItem\",\"position\":2,\"name\":\"Accesibilidad\"}]},{\"@type\":\"WebSite\",\"@id\":\"https:\/\/msconsultors.net\/es\/#website\",\"url\":\"https:\/\/msconsultors.net\/es\/\",\"name\":\"MSconsultors\",\"description\":\"Experts en Protecci\u00f3 Civil, Emerg\u00e8ncies i Seguretat\",\"publisher\":{\"@id\":\"https:\/\/msconsultors.net\/es\/#organization\"},\"potentialAction\":[{\"@type\":\"SearchAction\",\"target\":{\"@type\":\"EntryPoint\",\"urlTemplate\":\"https:\/\/msconsultors.net\/es\/?s={search_term_string}\"},\"query-input\":{\"@type\":\"PropertyValueSpecification\",\"valueRequired\":true,\"valueName\":\"search_term_string\"}}],\"inLanguage\":\"es\"},{\"@type\":\"Organization\",\"@id\":\"https:\/\/msconsultors.net\/es\/#organization\",\"name\":\"MSconsultors\",\"url\":\"https:\/\/msconsultors.net\/es\/\",\"logo\":{\"@type\":\"ImageObject\",\"inLanguage\":\"es\",\"@id\":\"https:\/\/msconsultors.net\/es\/#\/schema\/logo\/image\/\",\"url\":\"https:\/\/msconsultors.net\/wp-content\/uploads\/2017\/01\/logoNegreRetina.png\",\"contentUrl\":\"https:\/\/msconsultors.net\/wp-content\/uploads\/2017\/01\/logoNegreRetina.png\",\"width\":904,\"height\":350,\"caption\":\"MSconsultors\"},\"image\":{\"@id\":\"https:\/\/msconsultors.net\/es\/#\/schema\/logo\/image\/\"},\"sameAs\":[\"https:\/\/x.com\/MSconsultors\",\"https:\/\/www.linkedin.com\/company\/2232548\/\"]}]}<\/script>\n<!-- \/ Yoast SEO plugin. -->","yoast_head_json":{"title":"Accesibilidad - MSconsultors","robots":{"index":"index","follow":"follow","max-snippet":"max-snippet:-1","max-image-preview":"max-image-preview:large","max-video-preview":"max-video-preview:-1"},"canonical":"https:\/\/msconsultors.net\/es\/accesibilidad\/","og_locale":"es_ES","og_type":"article","og_title":"Accesibilidad - MSconsultors","og_description":"MSconsultors se ha comprometido a hacer accesible su sitio web de conformidad con la Normativa Europea EN 301 549 V3.2.1 (2021-03), sobre Requisitos de accesibilidad para productos y servicios TIC. Esta declaraci\u00f3n de accesibilidad se aplica al sitio web\u00a0https:\/\/www.msconsultors.net (los subdominios de este sitio web tendr\u00e1n sus propias declaraciones de accesibilidad). Situaci\u00f3n de cumplimiento Este&hellip;","og_url":"https:\/\/msconsultors.net\/es\/accesibilidad\/","og_site_name":"MSconsultors","article_modified_time":"2025-03-03T10:20:33+00:00","og_image":[{"width":1919,"height":1009,"url":"https:\/\/msconsultors.net\/wp-content\/uploads\/2025\/02\/enginyeria-contra-incendis-msconsultors.jpg","type":"image\/jpeg"}],"twitter_card":"summary_large_image","twitter_site":"@MSconsultors","twitter_misc":{"Tiempo de lectura":"2 minutos"},"schema":{"@context":"https:\/\/schema.org","@graph":[{"@type":"WebPage","@id":"https:\/\/msconsultors.net\/es\/accesibilidad\/","url":"https:\/\/msconsultors.net\/es\/accesibilidad\/","name":"Accesibilidad - MSconsultors","isPartOf":{"@id":"https:\/\/msconsultors.net\/es\/#website"},"datePublished":"2025-02-04T11:42:11+00:00","dateModified":"2025-03-03T10:20:33+00:00","breadcrumb":{"@id":"https:\/\/msconsultors.net\/es\/accesibilidad\/#breadcrumb"},"inLanguage":"es","potentialAction":[{"@type":"ReadAction","target":["https:\/\/msconsultors.net\/es\/accesibilidad\/"]}]},{"@type":"BreadcrumbList","@id":"https:\/\/msconsultors.net\/es\/accesibilidad\/#breadcrumb","itemListElement":[{"@type":"ListItem","position":1,"name":"Home","item":"https:\/\/msconsultors.net\/es\/"},{"@type":"ListItem","position":2,"name":"Accesibilidad"}]},{"@type":"WebSite","@id":"https:\/\/msconsultors.net\/es\/#website","url":"https:\/\/msconsultors.net\/es\/","name":"MSconsultors","description":"Experts en Protecci\u00f3 Civil, Emerg\u00e8ncies i Seguretat","publisher":{"@id":"https:\/\/msconsultors.net\/es\/#organization"},"potentialAction":[{"@type":"SearchAction","target":{"@type":"EntryPoint","urlTemplate":"https:\/\/msconsultors.net\/es\/?s={search_term_string}"},"query-input":{"@type":"PropertyValueSpecification","valueRequired":true,"valueName":"search_term_string"}}],"inLanguage":"es"},{"@type":"Organization","@id":"https:\/\/msconsultors.net\/es\/#organization","name":"MSconsultors","url":"https:\/\/msconsultors.net\/es\/","logo":{"@type":"ImageObject","inLanguage":"es","@id":"https:\/\/msconsultors.net\/es\/#\/schema\/logo\/image\/","url":"https:\/\/msconsultors.net\/wp-content\/uploads\/2017\/01\/logoNegreRetina.png","contentUrl":"https:\/\/msconsultors.net\/wp-content\/uploads\/2017\/01\/logoNegreRetina.png","width":904,"height":350,"caption":"MSconsultors"},"image":{"@id":"https:\/\/msconsultors.net\/es\/#\/schema\/logo\/image\/"},"sameAs":["https:\/\/x.com\/MSconsultors","https:\/\/www.linkedin.com\/company\/2232548\/"]}]}},"_links":{"self":[{"href":"https:\/\/msconsultors.net\/es\/wp-json\/wp\/v2\/pages\/56109","targetHints":{"allow":["GET"]}}],"collection":[{"href":"https:\/\/msconsultors.net\/es\/wp-json\/wp\/v2\/pages"}],"about":[{"href":"https:\/\/msconsultors.net\/es\/wp-json\/wp\/v2\/types\/page"}],"author":[{"embeddable":true,"href":"https:\/\/msconsultors.net\/es\/wp-json\/wp\/v2\/users\/1"}],"replies":[{"embeddable":true,"href":"https:\/\/msconsultors.net\/es\/wp-json\/wp\/v2\/comments?post=56109"}],"version-history":[{"count":4,"href":"https:\/\/msconsultors.net\/es\/wp-json\/wp\/v2\/pages\/56109\/revisions"}],"predecessor-version":[{"id":56144,"href":"https:\/\/msconsultors.net\/es\/wp-json\/wp\/v2\/pages\/56109\/revisions\/56144"}],"wp:attachment":[{"href":"https:\/\/msconsultors.net\/es\/wp-json\/wp\/v2\/media?parent=56109"}],"curies":[{"name":"wp","href":"https:\/\/api.w.org\/{rel}","templated":true}]}}