{"id":821,"date":"2017-01-16T15:02:52","date_gmt":"2017-01-16T15:02:52","guid":{"rendered":"http:\/\/www.msconsultors.net\/?page_id=821\/"},"modified":"2025-02-25T10:28:22","modified_gmt":"2025-02-25T10:28:22","slug":"contacto","status":"publish","type":"page","link":"https:\/\/msconsultors.net\/es\/contacto\/","title":{"rendered":"Contacto"},"content":{"rendered":"<div class=\"wpb-content-wrapper\"><p>[vc_row type=\u00bbvc_default\u00bb margin_top=\u00bb-50&#8243; bg_type=\u00bbimage\u00bb parallax_style=\u00bbvcpb-vz-jquery\u00bb bg_image_new=\u00bbid^55817|url^https:\/\/msconsultors.net\/wp-content\/uploads\/2025\/02\/enginyeria-contra-incendis-msconsultors.jpg|caption^null|alt^null|title^enginyeria-contra-incendis-msconsultors|description^null\u00bb bg_image_repeat=\u00bbno-repeat\u00bb bg_img_attach=\u00bbfixed\u00bb bg_override=\u00bbfull\u00bb enable_overlay=\u00bbenable_overlay_value\u00bb overlay_color=\u00bbrgba(0,0,0,0.5)\u00bb overlay_pattern=\u00bbtransperant\u00bb overlay_pattern_opacity=\u00bb25&#8243; css=\u00bb.vc_custom_1738837776589{padding-top: 12% !important;padding-bottom: 12% !important;background-color: #000000 !important;}\u00bb][vc_column offset=\u00bbvc_col-lg-offset-0 vc_col-lg-12 vc_col-md-offset-0 vc_col-md-12 vc_col-sm-offset-0 vc_col-xs-12&#8243; css=\u00bb.vc_custom_1476043981108{margin-top: 10px !important;margin-bottom: 10px !important;}\u00bb]<div id=\"ultimate-heading-575969ea36dd6e71e\" class=\"uvc-heading ult-adjust-bottom-margin ultimate-heading-575969ea36dd6e71e uvc-7177 accent-border-color\" data-hspacer=\"line_only\"  data-halign=\"center\" style=\"text-align:center\"><div class=\"uvc-main-heading ult-responsive\"  data-ultimate-target='.uvc-heading.ultimate-heading-575969ea36dd6e71e h1'  data-responsive-json-new='{\"font-size\":\"desktop:50px;mobile_landscape:38px;mobile:30px;\",\"line-height\":\"desktop:60px;mobile_landscape:48px;mobile:40px;\"}' ><h1 style=\"font-weight:bold;color:#ffffff;margin-bottom:15px;\">CONTACTO<\/h1><\/div><div class=\"uvc-heading-spacer line_only\" style=\"topheight:3px;\"><span class=\"uvc-headings-line\" style=\"border-style:solid;border-bottom-width:3px;border-color:#ccc;width:150px;\"><\/span><\/div><\/div>[\/vc_column][\/vc_row][vc_row top_padding=\u00bb0&#8243; bottom_padding=\u00bb100&#8243;][vc_column width=\u00bb1\/2&#8243;]<div id=\"ultimate-heading-107869ea36dd6e77c\" class=\"uvc-heading ult-adjust-bottom-margin ultimate-heading-107869ea36dd6e77c uvc-7123 accent-border-color\" data-hspacer=\"line_only\"  data-halign=\"left\" style=\"text-align:left\"><div class=\"uvc-main-heading ult-responsive\"  data-ultimate-target='.uvc-heading.ultimate-heading-107869ea36dd6e77c h2'  data-responsive-json-new='{\"font-size\":\"desktop:26px;\",\"line-height\":\"desktop:26px;\"}' ><h2 style=\"font-weight:bold;\">Vis\u00edtanos<\/h2><\/div><div class=\"uvc-heading-spacer line_only\" style=\"margin-top:15px;margin-bottom:50px;height:4px;\"><span class=\"uvc-headings-line\" style=\"border-style:solid;border-bottom-width:4px;border-color:;width:50px;\"><\/span><\/div><\/div>[vc_gmaps link=\u00bb#E-8_JTNDaWZyYW1lJTIwc3JjJTNEJTIyaHR0cHMlM0ElMkYlMkZ3d3cuZ29vZ2xlLmNvbSUyRm1hcHMlMkZlbWJlZCUzRnBiJTNEJTIxMW0xOCUyMTFtMTIlMjExbTMlMjExZDU5ODYuMTc1NzE4MTE2Mjg4JTIxMmQyLjE5MDQ2NTY3NjQ0MDA1NTYlMjEzZDQxLjM5Mzg5ODI5NTU5MDcxJTIxMm0zJTIxMWYwJTIxMmYwJTIxM2YwJTIxM20yJTIxMWkxMDI0JTIxMmk3NjglMjE0ZjEzLjElMjEzbTMlMjExbTIlMjExczB4MTJhNGEzMWY1NDQ3NzkyNyUyNTNBMHgzYjE1YmM3ZDg3NzBhOTc1JTIxMnNNU0NPTlNVTFRPUlMlMjE1ZTAlMjEzbTIlMjExc2VzJTIxMnNlcyUyMTR2MTczODM0MjYxODYwNCUyMTVtMiUyMTFzZXMlMjEyc2VzJTIyJTIwd2lkdGglM0QlMjI2MDAlMjIlMjBoZWlnaHQlM0QlMjI0NTAlMjIlMjBzdHlsZSUzRCUyMmJvcmRlciUzQTAlM0IlMjIlMjBhbGxvd2Z1bGxzY3JlZW4lM0QlMjIlMjIlMjBsb2FkaW5nJTNEJTIybGF6eSUyMiUyMHJlZmVycmVycG9saWN5JTNEJTIybm8tcmVmZXJyZXItd2hlbi1kb3duZ3JhZGUlMjIlM0UlM0MlMkZpZnJhbWUlM0U=\u00bb css=\u00bb\u00bb][vc_column_text css=\u00bb\u00bb]Nos encontrar\u00e0s en:<\/p>\n<p><span class=\"address\">C\/ Zamora 46-48, 1r, 6a<br \/>\n08005 <strong>Barcelona<\/strong><br \/>\n<\/span><span class=\"phone\">T. 93 013 02 33<br \/>\n<\/span>[\/vc_column_text][\/vc_column][vc_column width=\u00bb1\/2&#8243;]<div id=\"ultimate-heading-968969ea36dd6e7a6\" class=\"uvc-heading ult-adjust-bottom-margin ultimate-heading-968969ea36dd6e7a6 uvc-5571 accent-border-color\" data-hspacer=\"line_only\"  data-halign=\"left\" style=\"text-align:left\"><div class=\"uvc-main-heading ult-responsive\"  data-ultimate-target='.uvc-heading.ultimate-heading-968969ea36dd6e7a6 h2'  data-responsive-json-new='{\"font-size\":\"desktop:26px;\",\"line-height\":\"desktop:26px;\"}' ><h2 style=\"font-weight:bold;\">\u00bfTe podemos ayudar?<\/h2><\/div><div class=\"uvc-heading-spacer line_only\" style=\"margin-top:15px;margin-bottom:50px;height:4px;\"><span class=\"uvc-headings-line\" style=\"border-style:solid;border-bottom-width:4px;border-color:;width:50px;\"><\/span><\/div><\/div>[vc_column_text]Si lo desea, no dude en contactar con nostros rellenando el siguiente formulario:[\/vc_column_text]\n<div class=\"wpcf7 no-js\" id=\"wpcf7-f56092-o1\" lang=\"es-ES\" dir=\"ltr\" data-wpcf7-id=\"56092\">\n<div class=\"screen-reader-response\"><p role=\"status\" aria-live=\"polite\" aria-atomic=\"true\"><\/p> <ul><\/ul><\/div>\n<form action=\"\/es\/wp-json\/wp\/v2\/pages\/821#wpcf7-f56092-o1\" method=\"post\" class=\"wpcf7-form init\" aria-label=\"Formulario de contacto\" novalidate=\"novalidate\" data-status=\"init\">\n<fieldset class=\"hidden-fields-container\"><input type=\"hidden\" name=\"_wpcf7\" value=\"56092\" \/><input type=\"hidden\" name=\"_wpcf7_version\" value=\"6.1.5\" \/><input type=\"hidden\" name=\"_wpcf7_locale\" value=\"es_ES\" \/><input type=\"hidden\" name=\"_wpcf7_unit_tag\" value=\"wpcf7-f56092-o1\" \/><input type=\"hidden\" name=\"_wpcf7_container_post\" value=\"0\" \/><input type=\"hidden\" name=\"_wpcf7_posted_data_hash\" value=\"\" \/><input type=\"hidden\" name=\"_wpcf7_recaptcha_response\" value=\"\" \/>\n<\/fieldset>\n<font color=\"#00000\">\n\t<p><label> Nombre y apellidos (obligatorio)<br \/>\n<span class=\"wpcf7-form-control-wrap\" data-name=\"your-name\"><input size=\"40\" maxlength=\"400\" class=\"wpcf7-form-control wpcf7-text wpcf7-validates-as-required\" aria-required=\"true\" aria-invalid=\"false\" value=\"\" type=\"text\" name=\"your-name\" \/><\/span> <\/label>\n\t<\/p>\n\t<p><label> Correo electr\u00f3nico (obligatorio)<br \/>\n<span class=\"wpcf7-form-control-wrap\" data-name=\"your-email\"><input size=\"40\" maxlength=\"400\" class=\"wpcf7-form-control wpcf7-email wpcf7-validates-as-required wpcf7-text wpcf7-validates-as-email\" aria-required=\"true\" aria-invalid=\"false\" value=\"\" type=\"email\" name=\"your-email\" \/><\/span> <\/label>\n\t<\/p>\n\t<p><label> Asunto<br \/>\n<span class=\"wpcf7-form-control-wrap\" data-name=\"your-subject\"><input size=\"40\" maxlength=\"400\" class=\"wpcf7-form-control wpcf7-text\" aria-invalid=\"false\" value=\"\" type=\"text\" name=\"your-subject\" \/><\/span> <\/label>\n\t<\/p>\n\t<p><label> Mensaje<br \/>\n<span class=\"wpcf7-form-control-wrap\" data-name=\"your-message\"><textarea cols=\"40\" rows=\"10\" maxlength=\"2000\" class=\"wpcf7-form-control wpcf7-textarea\" aria-invalid=\"false\" name=\"your-message\"><\/textarea><\/span> <\/label>\n\t<\/p>\n\t<p><label> Informaci\u00f3n b\u00e1sica sobre protecci\u00f3n de datos <\/label>\n\t<\/p>\n<\/font>\n<p>El responsable MSconsultors, Ingenier\u00eda y Seguridad desde 2001, SL, con NIF B65646077 y domicilio en C\/ Zamora 46-48, 1r, 6a<br \/>\n08005 - Barcelona, le solicita su consentimiento para tratar de forma leg\u00edtima sus datos.\n<\/p>\n<p><i>(Por favor, marque la casilla si est\u00e1 de acuerdo en que MSconsultors utilice sus datos con este fin)<\/i>:\n<\/p>\n<font color=\"#00000\">\n\t<p><span class=\"wpcf7-form-control-wrap\" data-name=\"aceptance-960\"><span class=\"wpcf7-form-control wpcf7-acceptance\"><span class=\"wpcf7-list-item\"><label><input type=\"checkbox\" name=\"aceptance-960\" value=\"1\" aria-invalid=\"false\" \/><span class=\"wpcf7-list-item-label\">Ofrecer servicios de consultor\u00eda, ingenier\u00eda y formaci\u00f3n relacionados en materia de seguridad<\/span><\/label><\/span><\/span><\/span>\n\t<\/p>\n<\/font>\n<p>MSconsultors Ingenier\u00eda y Seguridad desde 2001, SL no ceder\u00e1 los datos a terceros, salvo en casos de obligaci\u00f3n legal.<br \/>\nPuede dirigirse por escrito o por correo electr\u00f3nico a <a href=\"mailto:info@msconsultors.net\">info@msconsultors.net<\/a> para ejercer los derechos de acceso, rectificaci\u00f3n y supresi\u00f3n de sus datos.<br \/>\nInformaci\u00f3n adicional: Puede consultar la informaci\u00f3n adicional y detallada sobre Protecci\u00f3n de Datos en <a href=\"\/es\/aviso-legal-proteccion-de-datos\/\" target=\"_blank\"> nuestra p\u00e1gina web<\/a>.\n<\/p>\n<p><input class=\"wpcf7-form-control wpcf7-submit has-spinner\" type=\"submit\" value=\"Enviar\" \/>\n<\/p><div class=\"wpcf7-response-output\" aria-hidden=\"true\"><\/div>\n<\/form>\n<\/div>\n[\/vc_column][\/vc_row]<\/p>\n<\/div>","protected":false},"excerpt":{"rendered":"<p>[vc_row type=\u00bbvc_default\u00bb margin_top=\u00bb-50&#8243; bg_type=\u00bbimage\u00bb parallax_style=\u00bbvcpb-vz-jquery\u00bb bg_image_new=\u00bbid^55817|url^https:\/\/msconsultors.net\/wp-content\/uploads\/2025\/02\/enginyeria-contra-incendis-msconsultors.jpg|caption^null|alt^null|title^enginyeria-contra-incendis-msconsultors|description^null\u00bb bg_image_repeat=\u00bbno-repeat\u00bb bg_img_attach=\u00bbfixed\u00bb bg_override=\u00bbfull\u00bb enable_overlay=\u00bbenable_overlay_value\u00bb overlay_color=\u00bbrgba(0,0,0,0.5)\u00bb overlay_pattern=\u00bbtransperant\u00bb overlay_pattern_opacity=\u00bb25&#8243; css=\u00bb.vc_custom_1738837776589{padding-top: 12% !important;padding-bottom: 12% !important;background-color: #000000 !important;}\u00bb][vc_column offset=\u00bbvc_col-lg-offset-0 vc_col-lg-12 vc_col-md-offset-0 vc_col-md-12 vc_col-sm-offset-0 vc_col-xs-12&#8243; css=\u00bb.vc_custom_1476043981108{margin-top: 10px !important;margin-bottom: 10px !important;}\u00bb][\/vc_column][\/vc_row][vc_row top_padding=\u00bb0&#8243; bottom_padding=\u00bb100&#8243;][vc_column width=\u00bb1\/2&#8243;][vc_gmaps link=\u00bb#E-8_JTNDaWZyYW1lJTIwc3JjJTNEJTIyaHR0cHMlM0ElMkYlMkZ3d3cuZ29vZ2xlLmNvbSUyRm1hcHMlMkZlbWJlZCUzRnBiJTNEJTIxMW0xOCUyMTFtMTIlMjExbTMlMjExZDU5ODYuMTc1NzE4MTE2Mjg4JTIxMmQyLjE5MDQ2NTY3NjQ0MDA1NTYlMjEzZDQxLjM5Mzg5ODI5NTU5MDcxJTIxMm0zJTIxMWYwJTIxMmYwJTIxM2YwJTIxM20yJTIxMWkxMDI0JTIxMmk3NjglMjE0ZjEzLjElMjEzbTMlMjExbTIlMjExczB4MTJhNGEzMWY1NDQ3NzkyNyUyNTNBMHgzYjE1YmM3ZDg3NzBhOTc1JTIxMnNNU0NPTlNVTFRPUlMlMjE1ZTAlMjEzbTIlMjExc2VzJTIxMnNlcyUyMTR2MTczODM0MjYxODYwNCUyMTVtMiUyMTFzZXMlMjEyc2VzJTIyJTIwd2lkdGglM0QlMjI2MDAlMjIlMjBoZWlnaHQlM0QlMjI0NTAlMjIlMjBzdHlsZSUzRCUyMmJvcmRlciUzQTAlM0IlMjIlMjBhbGxvd2Z1bGxzY3JlZW4lM0QlMjIlMjIlMjBsb2FkaW5nJTNEJTIybGF6eSUyMiUyMHJlZmVycmVycG9saWN5JTNEJTIybm8tcmVmZXJyZXItd2hlbi1kb3duZ3JhZGUlMjIlM0UlM0MlMkZpZnJhbWUlM0U=\u00bb css=\u00bb\u00bb][vc_column_text css=\u00bb\u00bb]Nos encontrar\u00e0s en: C\/ Zamora 46-48, 1r, 6a 08005 Barcelona T. 93 013 02 33 [\/vc_column_text][\/vc_column][vc_column width=\u00bb1\/2&#8243;][vc_column_text]Si lo desea,&hellip;<\/p>\n","protected":false},"author":1,"featured_media":0,"parent":0,"menu_order":0,"comment_status":"closed","ping_status":"closed","template":"","meta":{"footnotes":""},"class_list":["post-821","page","type-page","status-publish","hentry","description-off"],"yoast_head":"<!-- This site is optimized with the Yoast SEO plugin v27.0 - https:\/\/yoast.com\/product\/yoast-seo-wordpress\/ -->\n<title>Contacto - MSconsultors<\/title>\n<meta name=\"robots\" content=\"index, follow, max-snippet:-1, max-image-preview:large, max-video-preview:-1\" \/>\n<link rel=\"canonical\" href=\"https:\/\/msconsultors.net\/es\/contacto\/\" \/>\n<meta property=\"og:locale\" content=\"es_ES\" \/>\n<meta property=\"og:type\" content=\"article\" \/>\n<meta property=\"og:title\" content=\"Contacto - MSconsultors\" \/>\n<meta property=\"og:description\" content=\"[vc_row type=\u00bbvc_default\u00bb margin_top=\u00bb-50&#8243; bg_type=\u00bbimage\u00bb parallax_style=\u00bbvcpb-vz-jquery\u00bb bg_image_new=\u00bbid^55817|url^https:\/\/msconsultors.net\/wp-content\/uploads\/2025\/02\/enginyeria-contra-incendis-msconsultors.jpg|caption^null|alt^null|title^enginyeria-contra-incendis-msconsultors|description^null\u00bb bg_image_repeat=\u00bbno-repeat\u00bb bg_img_attach=\u00bbfixed\u00bb bg_override=\u00bbfull\u00bb enable_overlay=\u00bbenable_overlay_value\u00bb overlay_color=\u00bbrgba(0,0,0,0.5)\u00bb overlay_pattern=\u00bbtransperant\u00bb overlay_pattern_opacity=\u00bb25&#8243; css=\u00bb.vc_custom_1738837776589{padding-top: 12% !important;padding-bottom: 12% !important;background-color: #000000 !important;}\u00bb][vc_column offset=\u00bbvc_col-lg-offset-0 vc_col-lg-12 vc_col-md-offset-0 vc_col-md-12 vc_col-sm-offset-0 vc_col-xs-12&#8243; css=\u00bb.vc_custom_1476043981108{margin-top: 10px !important;margin-bottom: 10px !important;}\u00bb][\/vc_column][\/vc_row][vc_row top_padding=\u00bb0&#8243; bottom_padding=\u00bb100&#8243;][vc_column width=\u00bb1\/2&#8243;][vc_gmaps link=\u00bb#E-8_JTNDaWZyYW1lJTIwc3JjJTNEJTIyaHR0cHMlM0ElMkYlMkZ3d3cuZ29vZ2xlLmNvbSUyRm1hcHMlMkZlbWJlZCUzRnBiJTNEJTIxMW0xOCUyMTFtMTIlMjExbTMlMjExZDU5ODYuMTc1NzE4MTE2Mjg4JTIxMmQyLjE5MDQ2NTY3NjQ0MDA1NTYlMjEzZDQxLjM5Mzg5ODI5NTU5MDcxJTIxMm0zJTIxMWYwJTIxMmYwJTIxM2YwJTIxM20yJTIxMWkxMDI0JTIxMmk3NjglMjE0ZjEzLjElMjEzbTMlMjExbTIlMjExczB4MTJhNGEzMWY1NDQ3NzkyNyUyNTNBMHgzYjE1YmM3ZDg3NzBhOTc1JTIxMnNNU0NPTlNVTFRPUlMlMjE1ZTAlMjEzbTIlMjExc2VzJTIxMnNlcyUyMTR2MTczODM0MjYxODYwNCUyMTVtMiUyMTFzZXMlMjEyc2VzJTIyJTIwd2lkdGglM0QlMjI2MDAlMjIlMjBoZWlnaHQlM0QlMjI0NTAlMjIlMjBzdHlsZSUzRCUyMmJvcmRlciUzQTAlM0IlMjIlMjBhbGxvd2Z1bGxzY3JlZW4lM0QlMjIlMjIlMjBsb2FkaW5nJTNEJTIybGF6eSUyMiUyMHJlZmVycmVycG9saWN5JTNEJTIybm8tcmVmZXJyZXItd2hlbi1kb3duZ3JhZGUlMjIlM0UlM0MlMkZpZnJhbWUlM0U=\u00bb css=\u00bb\u00bb][vc_column_text css=\u00bb\u00bb]Nos encontrar\u00e0s en: C\/ Zamora 46-48, 1r, 6a 08005 Barcelona T. 93 013 02 33 [\/vc_column_text][\/vc_column][vc_column width=\u00bb1\/2&#8243;][vc_column_text]Si lo desea,&hellip;\" \/>\n<meta property=\"og:url\" content=\"https:\/\/msconsultors.net\/es\/contacto\/\" \/>\n<meta property=\"og:site_name\" content=\"MSconsultors\" \/>\n<meta property=\"article:modified_time\" content=\"2025-02-25T10:28:22+00:00\" \/>\n<meta property=\"og:image\" content=\"https:\/\/msconsultors.net\/wp-content\/uploads\/2025\/02\/enginyeria-contra-incendis-msconsultors.jpg\" \/>\n\t<meta property=\"og:image:width\" content=\"1919\" \/>\n\t<meta property=\"og:image:height\" content=\"1009\" \/>\n\t<meta property=\"og:image:type\" content=\"image\/jpeg\" \/>\n<meta name=\"twitter:card\" content=\"summary_large_image\" \/>\n<meta name=\"twitter:site\" content=\"@MSconsultors\" \/>\n<meta name=\"twitter:label1\" content=\"Tiempo de lectura\" \/>\n\t<meta name=\"twitter:data1\" content=\"1 minuto\" \/>\n<script type=\"application\/ld+json\" class=\"yoast-schema-graph\">{\"@context\":\"https:\/\/schema.org\",\"@graph\":[{\"@type\":\"WebPage\",\"@id\":\"https:\/\/msconsultors.net\/es\/contacto\/\",\"url\":\"https:\/\/msconsultors.net\/es\/contacto\/\",\"name\":\"Contacto - MSconsultors\",\"isPartOf\":{\"@id\":\"https:\/\/msconsultors.net\/es\/#website\"},\"datePublished\":\"2017-01-16T15:02:52+00:00\",\"dateModified\":\"2025-02-25T10:28:22+00:00\",\"breadcrumb\":{\"@id\":\"https:\/\/msconsultors.net\/es\/contacto\/#breadcrumb\"},\"inLanguage\":\"es\",\"potentialAction\":[{\"@type\":\"ReadAction\",\"target\":[\"https:\/\/msconsultors.net\/es\/contacto\/\"]}]},{\"@type\":\"BreadcrumbList\",\"@id\":\"https:\/\/msconsultors.net\/es\/contacto\/#breadcrumb\",\"itemListElement\":[{\"@type\":\"ListItem\",\"position\":1,\"name\":\"Home\",\"item\":\"https:\/\/msconsultors.net\/es\/\"},{\"@type\":\"ListItem\",\"position\":2,\"name\":\"Contacto\"}]},{\"@type\":\"WebSite\",\"@id\":\"https:\/\/msconsultors.net\/es\/#website\",\"url\":\"https:\/\/msconsultors.net\/es\/\",\"name\":\"MSconsultors\",\"description\":\"Experts en Protecci\u00f3 Civil, Emerg\u00e8ncies i Seguretat\",\"publisher\":{\"@id\":\"https:\/\/msconsultors.net\/es\/#organization\"},\"potentialAction\":[{\"@type\":\"SearchAction\",\"target\":{\"@type\":\"EntryPoint\",\"urlTemplate\":\"https:\/\/msconsultors.net\/es\/?s={search_term_string}\"},\"query-input\":{\"@type\":\"PropertyValueSpecification\",\"valueRequired\":true,\"valueName\":\"search_term_string\"}}],\"inLanguage\":\"es\"},{\"@type\":\"Organization\",\"@id\":\"https:\/\/msconsultors.net\/es\/#organization\",\"name\":\"MSconsultors\",\"url\":\"https:\/\/msconsultors.net\/es\/\",\"logo\":{\"@type\":\"ImageObject\",\"inLanguage\":\"es\",\"@id\":\"https:\/\/msconsultors.net\/es\/#\/schema\/logo\/image\/\",\"url\":\"https:\/\/msconsultors.net\/wp-content\/uploads\/2017\/01\/logoNegreRetina.png\",\"contentUrl\":\"https:\/\/msconsultors.net\/wp-content\/uploads\/2017\/01\/logoNegreRetina.png\",\"width\":904,\"height\":350,\"caption\":\"MSconsultors\"},\"image\":{\"@id\":\"https:\/\/msconsultors.net\/es\/#\/schema\/logo\/image\/\"},\"sameAs\":[\"https:\/\/x.com\/MSconsultors\",\"https:\/\/www.linkedin.com\/company\/2232548\/\"]}]}<\/script>\n<!-- \/ Yoast SEO plugin. -->","yoast_head_json":{"title":"Contacto - MSconsultors","robots":{"index":"index","follow":"follow","max-snippet":"max-snippet:-1","max-image-preview":"max-image-preview:large","max-video-preview":"max-video-preview:-1"},"canonical":"https:\/\/msconsultors.net\/es\/contacto\/","og_locale":"es_ES","og_type":"article","og_title":"Contacto - MSconsultors","og_description":"[vc_row type=\u00bbvc_default\u00bb margin_top=\u00bb-50&#8243; bg_type=\u00bbimage\u00bb parallax_style=\u00bbvcpb-vz-jquery\u00bb bg_image_new=\u00bbid^55817|url^https:\/\/msconsultors.net\/wp-content\/uploads\/2025\/02\/enginyeria-contra-incendis-msconsultors.jpg|caption^null|alt^null|title^enginyeria-contra-incendis-msconsultors|description^null\u00bb bg_image_repeat=\u00bbno-repeat\u00bb bg_img_attach=\u00bbfixed\u00bb bg_override=\u00bbfull\u00bb enable_overlay=\u00bbenable_overlay_value\u00bb overlay_color=\u00bbrgba(0,0,0,0.5)\u00bb overlay_pattern=\u00bbtransperant\u00bb overlay_pattern_opacity=\u00bb25&#8243; css=\u00bb.vc_custom_1738837776589{padding-top: 12% !important;padding-bottom: 12% !important;background-color: #000000 !important;}\u00bb][vc_column offset=\u00bbvc_col-lg-offset-0 vc_col-lg-12 vc_col-md-offset-0 vc_col-md-12 vc_col-sm-offset-0 vc_col-xs-12&#8243; css=\u00bb.vc_custom_1476043981108{margin-top: 10px !important;margin-bottom: 10px !important;}\u00bb][\/vc_column][\/vc_row][vc_row top_padding=\u00bb0&#8243; bottom_padding=\u00bb100&#8243;][vc_column width=\u00bb1\/2&#8243;][vc_gmaps link=\u00bb#E-8_JTNDaWZyYW1lJTIwc3JjJTNEJTIyaHR0cHMlM0ElMkYlMkZ3d3cuZ29vZ2xlLmNvbSUyRm1hcHMlMkZlbWJlZCUzRnBiJTNEJTIxMW0xOCUyMTFtMTIlMjExbTMlMjExZDU5ODYuMTc1NzE4MTE2Mjg4JTIxMmQyLjE5MDQ2NTY3NjQ0MDA1NTYlMjEzZDQxLjM5Mzg5ODI5NTU5MDcxJTIxMm0zJTIxMWYwJTIxMmYwJTIxM2YwJTIxM20yJTIxMWkxMDI0JTIxMmk3NjglMjE0ZjEzLjElMjEzbTMlMjExbTIlMjExczB4MTJhNGEzMWY1NDQ3NzkyNyUyNTNBMHgzYjE1YmM3ZDg3NzBhOTc1JTIxMnNNU0NPTlNVTFRPUlMlMjE1ZTAlMjEzbTIlMjExc2VzJTIxMnNlcyUyMTR2MTczODM0MjYxODYwNCUyMTVtMiUyMTFzZXMlMjEyc2VzJTIyJTIwd2lkdGglM0QlMjI2MDAlMjIlMjBoZWlnaHQlM0QlMjI0NTAlMjIlMjBzdHlsZSUzRCUyMmJvcmRlciUzQTAlM0IlMjIlMjBhbGxvd2Z1bGxzY3JlZW4lM0QlMjIlMjIlMjBsb2FkaW5nJTNEJTIybGF6eSUyMiUyMHJlZmVycmVycG9saWN5JTNEJTIybm8tcmVmZXJyZXItd2hlbi1kb3duZ3JhZGUlMjIlM0UlM0MlMkZpZnJhbWUlM0U=\u00bb css=\u00bb\u00bb][vc_column_text css=\u00bb\u00bb]Nos encontrar\u00e0s en: C\/ Zamora 46-48, 1r, 6a 08005 Barcelona T. 93 013 02 33 [\/vc_column_text][\/vc_column][vc_column width=\u00bb1\/2&#8243;][vc_column_text]Si lo desea,&hellip;","og_url":"https:\/\/msconsultors.net\/es\/contacto\/","og_site_name":"MSconsultors","article_modified_time":"2025-02-25T10:28:22+00:00","og_image":[{"width":1919,"height":1009,"url":"https:\/\/msconsultors.net\/wp-content\/uploads\/2025\/02\/enginyeria-contra-incendis-msconsultors.jpg","type":"image\/jpeg"}],"twitter_card":"summary_large_image","twitter_site":"@MSconsultors","twitter_misc":{"Tiempo de lectura":"1 minuto"},"schema":{"@context":"https:\/\/schema.org","@graph":[{"@type":"WebPage","@id":"https:\/\/msconsultors.net\/es\/contacto\/","url":"https:\/\/msconsultors.net\/es\/contacto\/","name":"Contacto - MSconsultors","isPartOf":{"@id":"https:\/\/msconsultors.net\/es\/#website"},"datePublished":"2017-01-16T15:02:52+00:00","dateModified":"2025-02-25T10:28:22+00:00","breadcrumb":{"@id":"https:\/\/msconsultors.net\/es\/contacto\/#breadcrumb"},"inLanguage":"es","potentialAction":[{"@type":"ReadAction","target":["https:\/\/msconsultors.net\/es\/contacto\/"]}]},{"@type":"BreadcrumbList","@id":"https:\/\/msconsultors.net\/es\/contacto\/#breadcrumb","itemListElement":[{"@type":"ListItem","position":1,"name":"Home","item":"https:\/\/msconsultors.net\/es\/"},{"@type":"ListItem","position":2,"name":"Contacto"}]},{"@type":"WebSite","@id":"https:\/\/msconsultors.net\/es\/#website","url":"https:\/\/msconsultors.net\/es\/","name":"MSconsultors","description":"Experts en Protecci\u00f3 Civil, Emerg\u00e8ncies i Seguretat","publisher":{"@id":"https:\/\/msconsultors.net\/es\/#organization"},"potentialAction":[{"@type":"SearchAction","target":{"@type":"EntryPoint","urlTemplate":"https:\/\/msconsultors.net\/es\/?s={search_term_string}"},"query-input":{"@type":"PropertyValueSpecification","valueRequired":true,"valueName":"search_term_string"}}],"inLanguage":"es"},{"@type":"Organization","@id":"https:\/\/msconsultors.net\/es\/#organization","name":"MSconsultors","url":"https:\/\/msconsultors.net\/es\/","logo":{"@type":"ImageObject","inLanguage":"es","@id":"https:\/\/msconsultors.net\/es\/#\/schema\/logo\/image\/","url":"https:\/\/msconsultors.net\/wp-content\/uploads\/2017\/01\/logoNegreRetina.png","contentUrl":"https:\/\/msconsultors.net\/wp-content\/uploads\/2017\/01\/logoNegreRetina.png","width":904,"height":350,"caption":"MSconsultors"},"image":{"@id":"https:\/\/msconsultors.net\/es\/#\/schema\/logo\/image\/"},"sameAs":["https:\/\/x.com\/MSconsultors","https:\/\/www.linkedin.com\/company\/2232548\/"]}]}},"_links":{"self":[{"href":"https:\/\/msconsultors.net\/es\/wp-json\/wp\/v2\/pages\/821","targetHints":{"allow":["GET"]}}],"collection":[{"href":"https:\/\/msconsultors.net\/es\/wp-json\/wp\/v2\/pages"}],"about":[{"href":"https:\/\/msconsultors.net\/es\/wp-json\/wp\/v2\/types\/page"}],"author":[{"embeddable":true,"href":"https:\/\/msconsultors.net\/es\/wp-json\/wp\/v2\/users\/1"}],"replies":[{"embeddable":true,"href":"https:\/\/msconsultors.net\/es\/wp-json\/wp\/v2\/comments?post=821"}],"version-history":[{"count":5,"href":"https:\/\/msconsultors.net\/es\/wp-json\/wp\/v2\/pages\/821\/revisions"}],"predecessor-version":[{"id":56077,"href":"https:\/\/msconsultors.net\/es\/wp-json\/wp\/v2\/pages\/821\/revisions\/56077"}],"wp:attachment":[{"href":"https:\/\/msconsultors.net\/es\/wp-json\/wp\/v2\/media?parent=821"}],"curies":[{"name":"wp","href":"https:\/\/api.w.org\/{rel}","templated":true}]}}