{"id":829,"date":"2017-01-16T15:01:57","date_gmt":"2017-01-16T15:01:57","guid":{"rendered":"http:\/\/www.msconsultors.net\/?page_id=829\/"},"modified":"2025-09-04T10:06:41","modified_gmt":"2025-09-04T10:06:41","slug":"empresa-msconsultors","status":"publish","type":"page","link":"https:\/\/msconsultors.net\/es\/empresa-msconsultors\/","title":{"rendered":"Nosotros"},"content":{"rendered":"<div class=\"wpb-content-wrapper\"><p>[vc_row type=\u00bbvc_default\u00bb margin_top=\u00bb-50&#8243; bg_type=\u00bbimage\u00bb parallax_style=\u00bbvcpb-vz-jquery\u00bb bg_image_new=\u00bbid^55830|url^https:\/\/msconsultors.net\/wp-content\/uploads\/2025\/02\/empresa-msconsultors.jpg|caption^null|alt^null|title^empresa-msconsultors|description^null\u00bb bg_image_repeat=\u00bbno-repeat\u00bb bg_img_attach=\u00bbfixed\u00bb bg_override=\u00bbfull\u00bb enable_overlay=\u00bbenable_overlay_value\u00bb overlay_color=\u00bbrgba(0,0,0,0.5)\u00bb overlay_pattern=\u00bbtransperant\u00bb overlay_pattern_opacity=\u00bb25&#8243; css=\u00bb.vc_custom_1738838962143{padding-top: 12% !important;padding-bottom: 12% !important;background-color: #000000 !important;}\u00bb][vc_column offset=\u00bbvc_col-lg-offset-0 vc_col-lg-12 vc_col-md-offset-0 vc_col-md-12 vc_col-sm-offset-0 vc_col-xs-12&#8243; css=\u00bb.vc_custom_1476043981108{margin-top: 10px !important;margin-bottom: 10px !important;}\u00bb]<div id=\"ultimate-heading-688169ea4afcc30bd\" class=\"uvc-heading ult-adjust-bottom-margin ultimate-heading-688169ea4afcc30bd uvc-6355 accent-border-color\" data-hspacer=\"line_only\"  data-halign=\"center\" style=\"text-align:center\"><div class=\"uvc-main-heading ult-responsive\"  data-ultimate-target='.uvc-heading.ultimate-heading-688169ea4afcc30bd h2'  data-responsive-json-new='{\"font-size\":\"desktop:50px;mobile_landscape:38px;mobile:30px;\",\"line-height\":\"desktop:60px;mobile_landscape:48px;mobile:40px;\"}' ><h2 style=\"font-weight:bold;color:#ffffff;margin-bottom:15px;\">EMPRESA<\/h2><\/div><div class=\"uvc-heading-spacer line_only\" style=\"topheight:3px;\"><span class=\"uvc-headings-line\" style=\"border-style:solid;border-bottom-width:3px;border-color:#ccc;width:150px;\"><\/span><\/div><\/div>[\/vc_column][\/vc_row][vc_row type=\u00bbvc_default\u00bb equal_height=\u00bbyes\u00bb content_placement=\u00bbmiddle\u00bb css=\u00bb.vc_custom_1738843693135{padding-top: 40px !important;padding-bottom: 40px !important;}\u00bb][vc_column width=\u00bb1\/2&#8243;]<div id=\"ultimate-heading-412369ea4afcc3111\" class=\"uvc-heading ult-adjust-bottom-margin ultimate-heading-412369ea4afcc3111 uvc-9386 accent-border-color\" data-hspacer=\"line_only\"  data-halign=\"left\" style=\"text-align:left\"><div class=\"uvc-main-heading ult-responsive\"  data-ultimate-target='.uvc-heading.ultimate-heading-412369ea4afcc3111 h2'  data-responsive-json-new='{\"font-size\":\"desktop:26px;\",\"line-height\":\"desktop:26px;\"}' ><h2 style=\"font-weight:bold;\">Sobre MSconsultors<\/h2><\/div><div class=\"uvc-heading-spacer line_only\" style=\"margin-top:15px;margin-bottom:50px;height:4px;\"><span class=\"uvc-headings-line\" style=\"border-style:solid;border-bottom-width:4px;border-color:;width:50px;\"><\/span><\/div><\/div>[vc_column_text css=\u00bb\u00bb]Desde sus inicios, <strong>MSconsultors<\/strong> se ha caracterizado por ofrecer una alta especializaci\u00f3n en todos los proyectos que le han sido confiados.<\/p>\n<p>Por ello, se ha convertido en un<strong> referente t\u00e9cnico y de calidad en el campo de la ingenier\u00eda, la consultor\u00eda y la formaci\u00f3n en seguridad<\/strong>.[\/vc_column_text][\/vc_column][vc_column width=\u00bb1\/2&#8243;][vc_row_inner][vc_column_inner width=\u00bb1\/2&#8243;]<div class=\"ult-team-member-wrap ult-style-1  \"><div class=\"ult-team-member-image\" style=\"\"> <img decoding=\"async\" class=\"ult-team-grayscale\" src=\"https:\/\/msconsultors.net\/wp-content\/uploads\/2025\/02\/equip-msconsultors-jordi-sans.jpg\" alt=\"null\"  style=\"\"><span class=\"ult-team-member-image-overlay \"  ><\/span><\/div><div class=\"ult-team-member-bio-wrap style-1 ultimate-heading69ea4afcc3273\" style=\"text-align:center;; \"><div class=\"ult-team-member-name-wrap\"><h4 class=\"ult-team-member-name ult-responsive\"  data-ultimate-target='.ult-team-member-bio-wrap.ultimate-heading69ea4afcc3273 .ult-team-member-name'  data-responsive-json-new='{\"font-size\":\"\",\"line-height\":\"\"}'  style=\"\">Jordi Sans<\/h4><div class=\"ult-team-member-position ult-responsive\"  data-ultimate-target='.ult-team-member-bio-wrap.ultimate-heading69ea4afcc3273 .ult-team-member-position'  data-responsive-json-new='{\"font-size\":\"\",\"line-height\":\"\"}'  style=\"color:#000000;\">Socio Fundador - Director General<\/div><div style=\"margin-bottom:15px\"><\/div><\/div><\/div><\/div>[\/vc_column_inner][vc_column_inner width=\u00bb1\/2&#8243;]<div class=\"ult-team-member-wrap ult-style-1  \"><div class=\"ult-team-member-image\" style=\"\"> <img decoding=\"async\" class=\"ult-team-grayscale\" src=\"https:\/\/msconsultors.net\/wp-content\/uploads\/2025\/02\/equip-msconsultors-manel.jpg\" alt=\"null\"  style=\"\"><span class=\"ult-team-member-image-overlay \"  ><\/span><\/div><div class=\"ult-team-member-bio-wrap style-1 ultimate-heading69ea4afcc338a\" style=\"text-align:center;; \"><div class=\"ult-team-member-name-wrap\"><h4 class=\"ult-team-member-name ult-responsive\"  data-ultimate-target='.ult-team-member-bio-wrap.ultimate-heading69ea4afcc338a .ult-team-member-name'  data-responsive-json-new='{\"font-size\":\"\",\"line-height\":\"\"}'  style=\"\">Manel Martin<\/h4><div class=\"ult-team-member-position ult-responsive\"  data-ultimate-target='.ult-team-member-bio-wrap.ultimate-heading69ea4afcc338a .ult-team-member-position'  data-responsive-json-new='{\"font-size\":\"\",\"line-height\":\"\"}'  style=\"color:#000000;\">Socio Fundador - Director T\u00e9cnico<\/div><div style=\"margin-bottom:15px\"><\/div><\/div><\/div><\/div>[\/vc_column_inner][\/vc_row_inner][\/vc_column][\/vc_row][vc_row type=\u00bbvc_default\u00bb full_width=\u00bbstretch_row\u00bb margin_top=\u00bb-50&#8243; css=\u00bb.vc_custom_1738674056559{padding-top: 50px !important;padding-bottom: 50px !important;background-color: #462E86 !important;}\u00bb][vc_column offset=\u00bbvc_col-lg-offset-0 vc_col-lg-12 vc_col-md-offset-0 vc_col-md-12 vc_col-sm-offset-0 vc_col-xs-12&#8243; css=\u00bb.vc_custom_1476043981108{margin-top: 10px !important;margin-bottom: 10px !important;}\u00bb][vc_column_text css=\u00bb\u00bb]<\/p>\n<h4 style=\"text-align: center;\"><em><span style=\"color: #ffffff;\">Tenemos experiencia en los sectores m\u00e1s importantes y exigentes de nuestro pa\u00eds:<\/span><\/em><\/h4>\n<h3 style=\"text-align: center;\"><em><span style=\"color: #ffffff;\">industrial &#8211; log\u00edstico &#8211; telecomunicaciones &#8211; qu\u00edmico &#8211; ferroviario &#8211; educativo &#8211; sanitario &#8211; comercial y moda &#8211; ocio y restauraci\u00f3n &#8211; cultural &#8211; Administraci\u00f3n<\/span><\/em><\/h3>\n<p>[\/vc_column_text][\/vc_column][\/vc_row][vc_row type=\u00bbvc_default\u00bb equal_height=\u00bbyes\u00bb content_placement=\u00bbmiddle\u00bb css=\u00bb.vc_custom_1738843693135{padding-top: 40px !important;padding-bottom: 40px !important;}\u00bb][vc_column width=\u00bb1\/2&#8243;]<div id=\"ultimate-heading-700369ea4afcc33c6\" class=\"uvc-heading ult-adjust-bottom-margin ultimate-heading-700369ea4afcc33c6 uvc-6925 accent-border-color\" data-hspacer=\"line_only\"  data-halign=\"left\" style=\"text-align:left\"><div class=\"uvc-main-heading ult-responsive\"  data-ultimate-target='.uvc-heading.ultimate-heading-700369ea4afcc33c6 h2'  data-responsive-json-new='{\"font-size\":\"desktop:26px;\",\"line-height\":\"desktop:26px;\"}' ><h2 style=\"font-weight:bold;\">Nuestro equipo<\/h2><\/div><div class=\"uvc-heading-spacer line_only\" style=\"margin-top:15px;margin-bottom:50px;height:4px;\"><span class=\"uvc-headings-line\" style=\"border-style:solid;border-bottom-width:4px;border-color:;width:50px;\"><\/span><\/div><\/div>[vc_column_text css=\u00bb\u00bb]En MSconsultors contamos con un equipo de profesionales con amplia experiencia y formaci\u00f3n espec\u00edfica en los diferentes \u00e1mbitos de la ingenier\u00eda y la seguridad. Somos un equipo joven y especializado con diferentes perfiles acad\u00e9micos, la mayor\u00eda ampliados con postgrados y masters t\u00e9cnicos y otras acreditaciones t\u00e9cnicas oficiales y reconocidas que ponemos al servicio de nuestros clientes.[\/vc_column_text][\/vc_column][vc_column width=\u00bb1\/2&#8243;][vc_single_image image=\u00bb55880&#8243; img_size=\u00bbfull\u00bb css=\u00bb\u00bb][\/vc_column][\/vc_row][vc_row type=\u00bbvc_default\u00bb full_width=\u00bbstretch_row\u00bb equal_height=\u00bbyes\u00bb content_placement=\u00bbmiddle\u00bb css=\u00bb.vc_custom_1738843700800{padding-top: 40px !important;padding-bottom: 40px !important;background-color: #F4F4F4 !important;}\u00bb][vc_column width=\u00bb1\/2&#8243;][vc_single_image image=\u00bb55853&#8243; img_size=\u00bbfull\u00bb css=\u00bb\u00bb][\/vc_column][vc_column width=\u00bb1\/2&#8243;]<div id=\"ultimate-heading-932669ea4afcc33f7\" class=\"uvc-heading ult-adjust-bottom-margin ultimate-heading-932669ea4afcc33f7 uvc-3071 accent-border-color\" data-hspacer=\"line_only\"  data-halign=\"left\" style=\"text-align:left\"><div class=\"uvc-main-heading ult-responsive\"  data-ultimate-target='.uvc-heading.ultimate-heading-932669ea4afcc33f7 h2'  data-responsive-json-new='{\"font-size\":\"desktop:26px;\",\"line-height\":\"desktop:26px;\"}' ><h2 style=\"font-weight:bold;\">\u00c1mbitos de especializaci\u00f3n<\/h2><\/div><div class=\"uvc-heading-spacer line_only\" style=\"margin-top:15px;margin-bottom:50px;height:4px;\"><span class=\"uvc-headings-line\" style=\"border-style:solid;border-bottom-width:4px;border-color:;width:50px;\"><\/span><\/div><\/div>[vc_column_text css=\u00bb\u00bb]Para ofrecer a nuestros clientes las mejores soluciones al alcance para la ingenier\u00eda en seguridad, MSconsultors cuenta con dos departamentos altamente especializados:<\/p>\n<h4>Departamento de planificaci\u00f3n de emergencias (protecci\u00f3n civil)<\/h4>\n<ul>\n<li><strong>Planes de autoprotecci\u00f3n (PAU).<\/strong><\/li>\n<li><strong>Simulacros de emergencia.<\/strong><\/li>\n<li><strong>An\u00e1lisis de riesgos.<\/strong><\/li>\n<li><strong>Consultor\u00eda de seguridad.<\/strong><\/li>\n<li><strong>Elaboraci\u00f3n del Documento \u00fanico de Protecci\u00f3n Civil Municipal (DUPROCIM).<\/strong><\/li>\n<\/ul>\n<h4>Departamento de ingenier\u00eda de seguridad<\/h4>\n<ul>\n<li><strong>Dise\u00f1o de instalaciones.<\/strong><\/li>\n<li><strong>Direcciones de obras.<\/strong><\/li>\n<li><strong>Dise\u00f1o y c\u00e1lculo de instalaciones de protecci\u00f3n contra incendios.<\/strong><\/li>\n<li><strong>Simulaciones inform\u00e1ticas (c\u00e1lculos prestacionales).<\/strong><\/li>\n<li><strong>Auditor\u00edas de seguridad.<\/strong><\/li>\n<li><strong>An\u00e1lisis de riesgos.<\/strong><\/li>\n<\/ul>\n<p>[\/vc_column_text][\/vc_column][\/vc_row][vc_row type=\u00bbvc_default\u00bb equal_height=\u00bbyes\u00bb content_placement=\u00bbmiddle\u00bb css=\u00bb.vc_custom_1738843707364{padding-top: 40px !important;padding-bottom: 40px !important;}\u00bb][vc_column width=\u00bb1\/2&#8243;]<div id=\"ultimate-heading-270169ea4afcc341a\" class=\"uvc-heading ult-adjust-bottom-margin ultimate-heading-270169ea4afcc341a uvc-9428 accent-border-color\" data-hspacer=\"line_only\"  data-halign=\"left\" style=\"text-align:left\"><div class=\"uvc-main-heading ult-responsive\"  data-ultimate-target='.uvc-heading.ultimate-heading-270169ea4afcc341a h2'  data-responsive-json-new='{\"font-size\":\"desktop:26px;\",\"line-height\":\"desktop:26px;\"}' ><h2 style=\"font-weight:bold;\">Formaciones<\/h2><\/div><div class=\"uvc-heading-spacer line_only\" style=\"margin-top:15px;margin-bottom:50px;height:4px;\"><span class=\"uvc-headings-line\" style=\"border-style:solid;border-bottom-width:4px;border-color:;width:50px;\"><\/span><\/div><\/div>[vc_column_text css=\u00bb\u00bb]Mejoramos la seguridad con informaci\u00f3n y formaci\u00f3n, por eso participamos activamente en diversas formaciones organizadas por entidades de reconocido prestigio en el \u00e1mbito de la ingenier\u00eda y la seguridad:<\/p>\n<ul>\n<li><strong>Universidad Polit\u00e9cnica de Catalu\u00f1a (UPC)<\/strong><\/li>\n<li><strong>Colegio de Ingenieros Industriales de Catalu\u00f1a (COEIC)<\/strong><\/li>\n<li><strong>Cl\u00faster de Seguridad Contra Incendios (CL\u00daSIC)<\/strong><\/li>\n<li><strong>CEPREVEN<\/strong><\/li>\n<\/ul>\n<h4>Tambi\u00e9n podemos organizar cursos y seminarios a medida para vuestra empresa y formaci\u00f3n pr\u00e1ctica en extinci\u00f3n de incendios.<\/h4>\n<p>[\/vc_column_text][\/vc_column][vc_column width=\u00bb1\/2&#8243;][vc_single_image image=\u00bb55850&#8243; img_size=\u00bbfull\u00bb css=\u00bb\u00bb][\/vc_column][\/vc_row][vc_row type=\u00bbvc_default\u00bb full_width=\u00bbstretch_row\u00bb css=\u00bb.vc_custom_1756980258757{padding-top: 20px !important;padding-right: 20px !important;padding-bottom: 20px !important;padding-left: 20px !important;background-color: #F4F4F4 !important;}\u00bb][vc_column][vc_column_text css=\u00bb\u00bb]<\/p>\n<h3 style=\"text-align: center;\"><b>Somos formadores de los cursos del RIPCI que ofrece el CL\u00daSIC<\/b><\/h3>\n<p><img loading=\"lazy\" decoding=\"async\" class=\"size-medium wp-image-56416 aligncenter\" src=\"https:\/\/msconsultors.net\/wp-content\/uploads\/2025\/09\/logo-cluster-clusic-300x63.png\" alt=\"\" width=\"300\" height=\"63\" srcset=\"https:\/\/msconsultors.net\/wp-content\/uploads\/2025\/09\/logo-cluster-clusic-300x63.png 300w, https:\/\/msconsultors.net\/wp-content\/uploads\/2025\/09\/logo-cluster-clusic.png 398w\" sizes=\"auto, (max-width: 300px) 100vw, 300px\" \/>[\/vc_column_text][vc_btn title=\u00bbVER LOS CURSOS DEL CL\u00daSIC\u00bb style=\u00bbcustom\u00bb custom_background=\u00bb#000000&#8243; custom_text=\u00bb#FFFFFF\u00bb align=\u00bbcenter\u00bb i_icon_fontawesome=\u00bbfa fa-solid fa-graduation-cap\u00bb css=\u00bb\u00bb add_icon=\u00bbtrue\u00bb link=\u00bburl:https%3A%2F%2Fclusterincendis.com%2Fformacio-ripci%2F|title:Cursos%20Cl%C3%BAsic|target:_blank\u00bb][\/vc_column][\/vc_row]<\/p>\n<\/div>","protected":false},"excerpt":{"rendered":"<p>[vc_row type=\u00bbvc_default\u00bb margin_top=\u00bb-50&#8243; bg_type=\u00bbimage\u00bb parallax_style=\u00bbvcpb-vz-jquery\u00bb bg_image_new=\u00bbid^55830|url^https:\/\/msconsultors.net\/wp-content\/uploads\/2025\/02\/empresa-msconsultors.jpg|caption^null|alt^null|title^empresa-msconsultors|description^null\u00bb bg_image_repeat=\u00bbno-repeat\u00bb bg_img_attach=\u00bbfixed\u00bb bg_override=\u00bbfull\u00bb enable_overlay=\u00bbenable_overlay_value\u00bb overlay_color=\u00bbrgba(0,0,0,0.5)\u00bb overlay_pattern=\u00bbtransperant\u00bb overlay_pattern_opacity=\u00bb25&#8243; css=\u00bb.vc_custom_1738838962143{padding-top: 12% !important;padding-bottom: 12% !important;background-color: #000000 !important;}\u00bb][vc_column offset=\u00bbvc_col-lg-offset-0 vc_col-lg-12 vc_col-md-offset-0 vc_col-md-12 vc_col-sm-offset-0 vc_col-xs-12&#8243; css=\u00bb.vc_custom_1476043981108{margin-top: 10px !important;margin-bottom: 10px !important;}\u00bb][\/vc_column][\/vc_row][vc_row type=\u00bbvc_default\u00bb equal_height=\u00bbyes\u00bb content_placement=\u00bbmiddle\u00bb css=\u00bb.vc_custom_1738843693135{padding-top: 40px !important;padding-bottom: 40px !important;}\u00bb][vc_column width=\u00bb1\/2&#8243;][vc_column_text css=\u00bb\u00bb]Desde sus inicios, MSconsultors se ha caracterizado por ofrecer una alta especializaci\u00f3n en todos los&hellip;<\/p>\n","protected":false},"author":1,"featured_media":0,"parent":0,"menu_order":0,"comment_status":"closed","ping_status":"closed","template":"","meta":{"footnotes":""},"class_list":["post-829","page","type-page","status-publish","hentry","description-off"],"yoast_head":"<!-- This site is optimized with the Yoast SEO plugin v27.0 - https:\/\/yoast.com\/product\/yoast-seo-wordpress\/ -->\n<title>Expertos en Protecci\u00f3n Civil y Seguridad - MSconsultors<\/title>\n<meta name=\"description\" content=\"Descubre el equipo de MSconsultors, referentes en protecci\u00f3n civil, gesti\u00f3n de emergencias y seguridad. Soluciones t\u00e9cnicas y personalizadas.\" \/>\n<meta name=\"robots\" content=\"index, follow, max-snippet:-1, max-image-preview:large, max-video-preview:-1\" \/>\n<link rel=\"canonical\" href=\"https:\/\/msconsultors.net\/es\/empresa-msconsultors\/\" \/>\n<meta property=\"og:locale\" content=\"es_ES\" \/>\n<meta property=\"og:type\" content=\"article\" \/>\n<meta property=\"og:title\" content=\"Expertos en Protecci\u00f3n Civil y Seguridad - MSconsultors\" \/>\n<meta property=\"og:description\" content=\"Descubre el equipo de MSconsultors, referentes en protecci\u00f3n civil, gesti\u00f3n de emergencias y seguridad. Soluciones t\u00e9cnicas y personalizadas.\" \/>\n<meta property=\"og:url\" content=\"https:\/\/msconsultors.net\/es\/empresa-msconsultors\/\" \/>\n<meta property=\"og:site_name\" content=\"MSconsultors\" \/>\n<meta property=\"article:modified_time\" content=\"2025-09-04T10:06:41+00:00\" \/>\n<meta property=\"og:image\" content=\"https:\/\/msconsultors.net\/wp-content\/uploads\/2025\/09\/logo-cluster-clusic-300x63.png\" \/>\n<meta name=\"twitter:card\" content=\"summary_large_image\" \/>\n<meta name=\"twitter:site\" content=\"@MSconsultors\" \/>\n<meta name=\"twitter:label1\" content=\"Tiempo de lectura\" \/>\n\t<meta name=\"twitter:data1\" content=\"4 minutos\" \/>\n<script type=\"application\/ld+json\" class=\"yoast-schema-graph\">{\"@context\":\"https:\/\/schema.org\",\"@graph\":[{\"@type\":\"WebPage\",\"@id\":\"https:\/\/msconsultors.net\/es\/empresa-msconsultors\/\",\"url\":\"https:\/\/msconsultors.net\/es\/empresa-msconsultors\/\",\"name\":\"Expertos en Protecci\u00f3n Civil y Seguridad - MSconsultors\",\"isPartOf\":{\"@id\":\"https:\/\/msconsultors.net\/es\/#website\"},\"primaryImageOfPage\":{\"@id\":\"https:\/\/msconsultors.net\/es\/empresa-msconsultors\/#primaryimage\"},\"image\":{\"@id\":\"https:\/\/msconsultors.net\/es\/empresa-msconsultors\/#primaryimage\"},\"thumbnailUrl\":\"https:\/\/msconsultors.net\/wp-content\/uploads\/2025\/09\/logo-cluster-clusic-300x63.png\",\"datePublished\":\"2017-01-16T15:01:57+00:00\",\"dateModified\":\"2025-09-04T10:06:41+00:00\",\"description\":\"Descubre el equipo de MSconsultors, referentes en protecci\u00f3n civil, gesti\u00f3n de emergencias y seguridad. Soluciones t\u00e9cnicas y personalizadas.\",\"breadcrumb\":{\"@id\":\"https:\/\/msconsultors.net\/es\/empresa-msconsultors\/#breadcrumb\"},\"inLanguage\":\"es\",\"potentialAction\":[{\"@type\":\"ReadAction\",\"target\":[\"https:\/\/msconsultors.net\/es\/empresa-msconsultors\/\"]}]},{\"@type\":\"ImageObject\",\"inLanguage\":\"es\",\"@id\":\"https:\/\/msconsultors.net\/es\/empresa-msconsultors\/#primaryimage\",\"url\":\"https:\/\/msconsultors.net\/wp-content\/uploads\/2025\/09\/logo-cluster-clusic-300x63.png\",\"contentUrl\":\"https:\/\/msconsultors.net\/wp-content\/uploads\/2025\/09\/logo-cluster-clusic-300x63.png\"},{\"@type\":\"BreadcrumbList\",\"@id\":\"https:\/\/msconsultors.net\/es\/empresa-msconsultors\/#breadcrumb\",\"itemListElement\":[{\"@type\":\"ListItem\",\"position\":1,\"name\":\"Home\",\"item\":\"https:\/\/msconsultors.net\/es\/\"},{\"@type\":\"ListItem\",\"position\":2,\"name\":\"Nosotros\"}]},{\"@type\":\"WebSite\",\"@id\":\"https:\/\/msconsultors.net\/es\/#website\",\"url\":\"https:\/\/msconsultors.net\/es\/\",\"name\":\"MSconsultors\",\"description\":\"Experts en Protecci\u00f3 Civil, Emerg\u00e8ncies i Seguretat\",\"publisher\":{\"@id\":\"https:\/\/msconsultors.net\/es\/#organization\"},\"potentialAction\":[{\"@type\":\"SearchAction\",\"target\":{\"@type\":\"EntryPoint\",\"urlTemplate\":\"https:\/\/msconsultors.net\/es\/?s={search_term_string}\"},\"query-input\":{\"@type\":\"PropertyValueSpecification\",\"valueRequired\":true,\"valueName\":\"search_term_string\"}}],\"inLanguage\":\"es\"},{\"@type\":\"Organization\",\"@id\":\"https:\/\/msconsultors.net\/es\/#organization\",\"name\":\"MSconsultors\",\"url\":\"https:\/\/msconsultors.net\/es\/\",\"logo\":{\"@type\":\"ImageObject\",\"inLanguage\":\"es\",\"@id\":\"https:\/\/msconsultors.net\/es\/#\/schema\/logo\/image\/\",\"url\":\"https:\/\/msconsultors.net\/wp-content\/uploads\/2017\/01\/logoNegreRetina.png\",\"contentUrl\":\"https:\/\/msconsultors.net\/wp-content\/uploads\/2017\/01\/logoNegreRetina.png\",\"width\":904,\"height\":350,\"caption\":\"MSconsultors\"},\"image\":{\"@id\":\"https:\/\/msconsultors.net\/es\/#\/schema\/logo\/image\/\"},\"sameAs\":[\"https:\/\/x.com\/MSconsultors\",\"https:\/\/www.linkedin.com\/company\/2232548\/\"]}]}<\/script>\n<!-- \/ Yoast SEO plugin. -->","yoast_head_json":{"title":"Expertos en Protecci\u00f3n Civil y Seguridad - MSconsultors","description":"Descubre el equipo de MSconsultors, referentes en protecci\u00f3n civil, gesti\u00f3n de emergencias y seguridad. Soluciones t\u00e9cnicas y personalizadas.","robots":{"index":"index","follow":"follow","max-snippet":"max-snippet:-1","max-image-preview":"max-image-preview:large","max-video-preview":"max-video-preview:-1"},"canonical":"https:\/\/msconsultors.net\/es\/empresa-msconsultors\/","og_locale":"es_ES","og_type":"article","og_title":"Expertos en Protecci\u00f3n Civil y Seguridad - MSconsultors","og_description":"Descubre el equipo de MSconsultors, referentes en protecci\u00f3n civil, gesti\u00f3n de emergencias y seguridad. Soluciones t\u00e9cnicas y personalizadas.","og_url":"https:\/\/msconsultors.net\/es\/empresa-msconsultors\/","og_site_name":"MSconsultors","article_modified_time":"2025-09-04T10:06:41+00:00","og_image":[{"url":"https:\/\/msconsultors.net\/wp-content\/uploads\/2025\/09\/logo-cluster-clusic-300x63.png","type":"","width":"","height":""}],"twitter_card":"summary_large_image","twitter_site":"@MSconsultors","twitter_misc":{"Tiempo de lectura":"4 minutos"},"schema":{"@context":"https:\/\/schema.org","@graph":[{"@type":"WebPage","@id":"https:\/\/msconsultors.net\/es\/empresa-msconsultors\/","url":"https:\/\/msconsultors.net\/es\/empresa-msconsultors\/","name":"Expertos en Protecci\u00f3n Civil y Seguridad - MSconsultors","isPartOf":{"@id":"https:\/\/msconsultors.net\/es\/#website"},"primaryImageOfPage":{"@id":"https:\/\/msconsultors.net\/es\/empresa-msconsultors\/#primaryimage"},"image":{"@id":"https:\/\/msconsultors.net\/es\/empresa-msconsultors\/#primaryimage"},"thumbnailUrl":"https:\/\/msconsultors.net\/wp-content\/uploads\/2025\/09\/logo-cluster-clusic-300x63.png","datePublished":"2017-01-16T15:01:57+00:00","dateModified":"2025-09-04T10:06:41+00:00","description":"Descubre el equipo de MSconsultors, referentes en protecci\u00f3n civil, gesti\u00f3n de emergencias y seguridad. Soluciones t\u00e9cnicas y personalizadas.","breadcrumb":{"@id":"https:\/\/msconsultors.net\/es\/empresa-msconsultors\/#breadcrumb"},"inLanguage":"es","potentialAction":[{"@type":"ReadAction","target":["https:\/\/msconsultors.net\/es\/empresa-msconsultors\/"]}]},{"@type":"ImageObject","inLanguage":"es","@id":"https:\/\/msconsultors.net\/es\/empresa-msconsultors\/#primaryimage","url":"https:\/\/msconsultors.net\/wp-content\/uploads\/2025\/09\/logo-cluster-clusic-300x63.png","contentUrl":"https:\/\/msconsultors.net\/wp-content\/uploads\/2025\/09\/logo-cluster-clusic-300x63.png"},{"@type":"BreadcrumbList","@id":"https:\/\/msconsultors.net\/es\/empresa-msconsultors\/#breadcrumb","itemListElement":[{"@type":"ListItem","position":1,"name":"Home","item":"https:\/\/msconsultors.net\/es\/"},{"@type":"ListItem","position":2,"name":"Nosotros"}]},{"@type":"WebSite","@id":"https:\/\/msconsultors.net\/es\/#website","url":"https:\/\/msconsultors.net\/es\/","name":"MSconsultors","description":"Experts en Protecci\u00f3 Civil, Emerg\u00e8ncies i Seguretat","publisher":{"@id":"https:\/\/msconsultors.net\/es\/#organization"},"potentialAction":[{"@type":"SearchAction","target":{"@type":"EntryPoint","urlTemplate":"https:\/\/msconsultors.net\/es\/?s={search_term_string}"},"query-input":{"@type":"PropertyValueSpecification","valueRequired":true,"valueName":"search_term_string"}}],"inLanguage":"es"},{"@type":"Organization","@id":"https:\/\/msconsultors.net\/es\/#organization","name":"MSconsultors","url":"https:\/\/msconsultors.net\/es\/","logo":{"@type":"ImageObject","inLanguage":"es","@id":"https:\/\/msconsultors.net\/es\/#\/schema\/logo\/image\/","url":"https:\/\/msconsultors.net\/wp-content\/uploads\/2017\/01\/logoNegreRetina.png","contentUrl":"https:\/\/msconsultors.net\/wp-content\/uploads\/2017\/01\/logoNegreRetina.png","width":904,"height":350,"caption":"MSconsultors"},"image":{"@id":"https:\/\/msconsultors.net\/es\/#\/schema\/logo\/image\/"},"sameAs":["https:\/\/x.com\/MSconsultors","https:\/\/www.linkedin.com\/company\/2232548\/"]}]}},"_links":{"self":[{"href":"https:\/\/msconsultors.net\/es\/wp-json\/wp\/v2\/pages\/829","targetHints":{"allow":["GET"]}}],"collection":[{"href":"https:\/\/msconsultors.net\/es\/wp-json\/wp\/v2\/pages"}],"about":[{"href":"https:\/\/msconsultors.net\/es\/wp-json\/wp\/v2\/types\/page"}],"author":[{"embeddable":true,"href":"https:\/\/msconsultors.net\/es\/wp-json\/wp\/v2\/users\/1"}],"replies":[{"embeddable":true,"href":"https:\/\/msconsultors.net\/es\/wp-json\/wp\/v2\/comments?post=829"}],"version-history":[{"count":12,"href":"https:\/\/msconsultors.net\/es\/wp-json\/wp\/v2\/pages\/829\/revisions"}],"predecessor-version":[{"id":56428,"href":"https:\/\/msconsultors.net\/es\/wp-json\/wp\/v2\/pages\/829\/revisions\/56428"}],"wp:attachment":[{"href":"https:\/\/msconsultors.net\/es\/wp-json\/wp\/v2\/media?parent=829"}],"curies":[{"name":"wp","href":"https:\/\/api.w.org\/{rel}","templated":true}]}}